{"id":595,"date":"2021-02-10T22:32:48","date_gmt":"2021-02-10T22:32:48","guid":{"rendered":"http:\/\/www.wgaeu.org\/?page_id=595"},"modified":"2021-02-11T11:37:40","modified_gmt":"2021-02-11T11:37:40","slug":"stuttgart-jednani-2016","status":"publish","type":"page","link":"https:\/\/www.wgaeu.org\/index.php\/stuttgart-jednani-2016\/","title":{"rendered":"STUTTGART JEDN\u00c1N\u00cd"},"content":{"rendered":"<p>2016-11-26 WGA Stuttgart jedn\u00e1n\u00ed<\/p>\n\n\n<figure class=\"wp-block-gallery columns-3 wp-block-gallery-1 is-layout-flex wp-block-gallery-is-layout-flex\"><ul class=\"blocks-gallery-grid\"><li class=\"blocks-gallery-item\"><figure><img loading=\"lazy\" decoding=\"async\" width=\"1024\" height=\"576\" src=\"https:\/\/www.wgaeu.org\/wp-content\/uploads\/2021\/02\/2016-11-26-WGA-jednani-VV-1-1024x576.jpg\" alt=\"\" data-id=\"596\" data-full-url=\"https:\/\/www.wgaeu.org\/wp-content\/uploads\/2021\/02\/2016-11-26-WGA-jednani-VV-1.jpg\" data-link=\"https:\/\/www.wgaeu.org\/?attachment_id=596#main\" class=\"wp-image-596\" srcset=\"https:\/\/www.wgaeu.org\/wp-content\/uploads\/2021\/02\/2016-11-26-WGA-jednani-VV-1-1024x576.jpg 1024w, https:\/\/www.wgaeu.org\/wp-content\/uploads\/2021\/02\/2016-11-26-WGA-jednani-VV-1-300x169.jpg 300w, https:\/\/www.wgaeu.org\/wp-content\/uploads\/2021\/02\/2016-11-26-WGA-jednani-VV-1-768x432.jpg 768w, https:\/\/www.wgaeu.org\/wp-content\/uploads\/2021\/02\/2016-11-26-WGA-jednani-VV-1.jpg 1280w\" sizes=\"auto, (max-width: 1024px) 100vw, 1024px\" \/><\/figure><\/li><li class=\"blocks-gallery-item\"><figure><img loading=\"lazy\" decoding=\"async\" width=\"1024\" height=\"576\" src=\"https:\/\/www.wgaeu.org\/wp-content\/uploads\/2021\/02\/2016-11-26-WGA-jednani3-1-1024x576.jpg\" alt=\"\" data-id=\"597\" data-full-url=\"https:\/\/www.wgaeu.org\/wp-content\/uploads\/2021\/02\/2016-11-26-WGA-jednani3-1.jpg\" data-link=\"https:\/\/www.wgaeu.org\/?attachment_id=597#main\" class=\"wp-image-597\" srcset=\"https:\/\/www.wgaeu.org\/wp-content\/uploads\/2021\/02\/2016-11-26-WGA-jednani3-1-1024x576.jpg 1024w, https:\/\/www.wgaeu.org\/wp-content\/uploads\/2021\/02\/2016-11-26-WGA-jednani3-1-300x169.jpg 300w, https:\/\/www.wgaeu.org\/wp-content\/uploads\/2021\/02\/2016-11-26-WGA-jednani3-1-768x432.jpg 768w, https:\/\/www.wgaeu.org\/wp-content\/uploads\/2021\/02\/2016-11-26-WGA-jednani3-1.jpg 1280w\" sizes=\"auto, (max-width: 1024px) 100vw, 1024px\" \/><\/figure><\/li><li class=\"blocks-gallery-item\"><figure><img loading=\"lazy\" decoding=\"async\" width=\"717\" height=\"478\" src=\"https:\/\/www.wgaeu.org\/wp-content\/uploads\/2021\/02\/2016-11-26-WGA-jednani2-1.jpg\" alt=\"\" data-id=\"598\" data-full-url=\"https:\/\/www.wgaeu.org\/wp-content\/uploads\/2021\/02\/2016-11-26-WGA-jednani2-1.jpg\" data-link=\"https:\/\/www.wgaeu.org\/?attachment_id=598#main\" class=\"wp-image-598\" srcset=\"https:\/\/www.wgaeu.org\/wp-content\/uploads\/2021\/02\/2016-11-26-WGA-jednani2-1.jpg 717w, https:\/\/www.wgaeu.org\/wp-content\/uploads\/2021\/02\/2016-11-26-WGA-jednani2-1-300x200.jpg 300w\" sizes=\"auto, (max-width: 717px) 100vw, 717px\" \/><\/figure><\/li><li class=\"blocks-gallery-item\"><figure><img loading=\"lazy\" decoding=\"async\" width=\"1024\" height=\"576\" src=\"https:\/\/www.wgaeu.org\/wp-content\/uploads\/2021\/02\/2016-11-26-WGA-jednani1-1-1024x576.jpg\" alt=\"\" data-id=\"599\" data-full-url=\"https:\/\/www.wgaeu.org\/wp-content\/uploads\/2021\/02\/2016-11-26-WGA-jednani1-1.jpg\" data-link=\"https:\/\/www.wgaeu.org\/?attachment_id=599#main\" class=\"wp-image-599\" srcset=\"https:\/\/www.wgaeu.org\/wp-content\/uploads\/2021\/02\/2016-11-26-WGA-jednani1-1-1024x576.jpg 1024w, https:\/\/www.wgaeu.org\/wp-content\/uploads\/2021\/02\/2016-11-26-WGA-jednani1-1-300x169.jpg 300w, https:\/\/www.wgaeu.org\/wp-content\/uploads\/2021\/02\/2016-11-26-WGA-jednani1-1-768x432.jpg 768w, https:\/\/www.wgaeu.org\/wp-content\/uploads\/2021\/02\/2016-11-26-WGA-jednani1-1.jpg 1280w\" sizes=\"auto, (max-width: 1024px) 100vw, 1024px\" \/><\/figure><\/li><li class=\"blocks-gallery-item\"><figure><img loading=\"lazy\" decoding=\"async\" width=\"340\" height=\"510\" src=\"https:\/\/www.wgaeu.org\/wp-content\/uploads\/2021\/02\/2016-11-26-Kuzelky09-1.jpg\" alt=\"\" data-id=\"600\" data-full-url=\"https:\/\/www.wgaeu.org\/wp-content\/uploads\/2021\/02\/2016-11-26-Kuzelky09-1.jpg\" data-link=\"https:\/\/www.wgaeu.org\/?attachment_id=600#main\" class=\"wp-image-600\" srcset=\"https:\/\/www.wgaeu.org\/wp-content\/uploads\/2021\/02\/2016-11-26-Kuzelky09-1.jpg 340w, https:\/\/www.wgaeu.org\/wp-content\/uploads\/2021\/02\/2016-11-26-Kuzelky09-1-200x300.jpg 200w\" sizes=\"auto, (max-width: 340px) 100vw, 340px\" \/><\/figure><\/li><li class=\"blocks-gallery-item\"><figure><img loading=\"lazy\" decoding=\"async\" width=\"310\" height=\"465\" src=\"https:\/\/www.wgaeu.org\/wp-content\/uploads\/2021\/02\/2016-11-26-Kuzelky08-1.jpg\" alt=\"\" data-id=\"601\" data-full-url=\"https:\/\/www.wgaeu.org\/wp-content\/uploads\/2021\/02\/2016-11-26-Kuzelky08-1.jpg\" data-link=\"https:\/\/www.wgaeu.org\/?attachment_id=601#main\" class=\"wp-image-601\" srcset=\"https:\/\/www.wgaeu.org\/wp-content\/uploads\/2021\/02\/2016-11-26-Kuzelky08-1.jpg 310w, https:\/\/www.wgaeu.org\/wp-content\/uploads\/2021\/02\/2016-11-26-Kuzelky08-1-200x300.jpg 200w\" sizes=\"auto, (max-width: 310px) 100vw, 310px\" \/><\/figure><\/li><li class=\"blocks-gallery-item\"><figure><img loading=\"lazy\" decoding=\"async\" width=\"246\" height=\"369\" src=\"https:\/\/www.wgaeu.org\/wp-content\/uploads\/2021\/02\/2016-11-26-Kuzelky07-1.jpg\" alt=\"\" data-id=\"602\" data-full-url=\"https:\/\/www.wgaeu.org\/wp-content\/uploads\/2021\/02\/2016-11-26-Kuzelky07-1.jpg\" data-link=\"https:\/\/www.wgaeu.org\/?attachment_id=602#main\" class=\"wp-image-602\" srcset=\"https:\/\/www.wgaeu.org\/wp-content\/uploads\/2021\/02\/2016-11-26-Kuzelky07-1.jpg 246w, https:\/\/www.wgaeu.org\/wp-content\/uploads\/2021\/02\/2016-11-26-Kuzelky07-1-200x300.jpg 200w\" sizes=\"auto, (max-width: 246px) 100vw, 246px\" \/><\/figure><\/li><li class=\"blocks-gallery-item\"><figure><img loading=\"lazy\" decoding=\"async\" width=\"360\" height=\"540\" src=\"https:\/\/www.wgaeu.org\/wp-content\/uploads\/2021\/02\/2016-11-26-Kuzelky06-1.jpg\" alt=\"\" data-id=\"603\" data-full-url=\"https:\/\/www.wgaeu.org\/wp-content\/uploads\/2021\/02\/2016-11-26-Kuzelky06-1.jpg\" data-link=\"https:\/\/www.wgaeu.org\/?attachment_id=603#main\" class=\"wp-image-603\" srcset=\"https:\/\/www.wgaeu.org\/wp-content\/uploads\/2021\/02\/2016-11-26-Kuzelky06-1.jpg 360w, https:\/\/www.wgaeu.org\/wp-content\/uploads\/2021\/02\/2016-11-26-Kuzelky06-1-200x300.jpg 200w\" sizes=\"auto, (max-width: 360px) 100vw, 360px\" \/><\/figure><\/li><li class=\"blocks-gallery-item\"><figure><img loading=\"lazy\" decoding=\"async\" width=\"246\" height=\"369\" src=\"https:\/\/www.wgaeu.org\/wp-content\/uploads\/2021\/02\/2016-11-26-Kuzelky05-1.jpg\" alt=\"\" data-id=\"604\" data-full-url=\"https:\/\/www.wgaeu.org\/wp-content\/uploads\/2021\/02\/2016-11-26-Kuzelky05-1.jpg\" data-link=\"https:\/\/www.wgaeu.org\/?attachment_id=604#main\" class=\"wp-image-604\" srcset=\"https:\/\/www.wgaeu.org\/wp-content\/uploads\/2021\/02\/2016-11-26-Kuzelky05-1.jpg 246w, https:\/\/www.wgaeu.org\/wp-content\/uploads\/2021\/02\/2016-11-26-Kuzelky05-1-200x300.jpg 200w\" sizes=\"auto, (max-width: 246px) 100vw, 246px\" \/><\/figure><\/li><li class=\"blocks-gallery-item\"><figure><img loading=\"lazy\" decoding=\"async\" width=\"302\" height=\"453\" src=\"https:\/\/www.wgaeu.org\/wp-content\/uploads\/2021\/02\/2016-11-26-Kuzelky04-1.jpg\" alt=\"\" data-id=\"605\" data-full-url=\"https:\/\/www.wgaeu.org\/wp-content\/uploads\/2021\/02\/2016-11-26-Kuzelky04-1.jpg\" data-link=\"https:\/\/www.wgaeu.org\/?attachment_id=605#main\" class=\"wp-image-605\" srcset=\"https:\/\/www.wgaeu.org\/wp-content\/uploads\/2021\/02\/2016-11-26-Kuzelky04-1.jpg 302w, https:\/\/www.wgaeu.org\/wp-content\/uploads\/2021\/02\/2016-11-26-Kuzelky04-1-200x300.jpg 200w\" sizes=\"auto, (max-width: 302px) 100vw, 302px\" \/><\/figure><\/li><li class=\"blocks-gallery-item\"><figure><img loading=\"lazy\" decoding=\"async\" width=\"289\" height=\"434\" src=\"https:\/\/www.wgaeu.org\/wp-content\/uploads\/2021\/02\/2016-11-26-Kuzelky03-1.jpg\" alt=\"\" data-id=\"606\" data-full-url=\"https:\/\/www.wgaeu.org\/wp-content\/uploads\/2021\/02\/2016-11-26-Kuzelky03-1.jpg\" data-link=\"https:\/\/www.wgaeu.org\/?attachment_id=606#main\" class=\"wp-image-606\" srcset=\"https:\/\/www.wgaeu.org\/wp-content\/uploads\/2021\/02\/2016-11-26-Kuzelky03-1.jpg 289w, https:\/\/www.wgaeu.org\/wp-content\/uploads\/2021\/02\/2016-11-26-Kuzelky03-1-200x300.jpg 200w\" sizes=\"auto, (max-width: 289px) 100vw, 289px\" \/><\/figure><\/li><li class=\"blocks-gallery-item\"><figure><img loading=\"lazy\" decoding=\"async\" width=\"1024\" height=\"683\" src=\"https:\/\/www.wgaeu.org\/wp-content\/uploads\/2021\/02\/2016-11-26-Kuzelky02-1-1024x683.jpg\" alt=\"\" data-id=\"607\" data-full-url=\"https:\/\/www.wgaeu.org\/wp-content\/uploads\/2021\/02\/2016-11-26-Kuzelky02-1.jpg\" data-link=\"https:\/\/www.wgaeu.org\/?attachment_id=607#main\" class=\"wp-image-607\" srcset=\"https:\/\/www.wgaeu.org\/wp-content\/uploads\/2021\/02\/2016-11-26-Kuzelky02-1-1024x683.jpg 1024w, https:\/\/www.wgaeu.org\/wp-content\/uploads\/2021\/02\/2016-11-26-Kuzelky02-1-300x200.jpg 300w, https:\/\/www.wgaeu.org\/wp-content\/uploads\/2021\/02\/2016-11-26-Kuzelky02-1-768x512.jpg 768w, https:\/\/www.wgaeu.org\/wp-content\/uploads\/2021\/02\/2016-11-26-Kuzelky02-1.jpg 1080w\" sizes=\"auto, (max-width: 1024px) 100vw, 1024px\" \/><\/figure><\/li><li class=\"blocks-gallery-item\"><figure><img loading=\"lazy\" decoding=\"async\" width=\"762\" height=\"508\" src=\"https:\/\/www.wgaeu.org\/wp-content\/uploads\/2021\/02\/2016-11-26-Kuzelky01-1.jpg\" alt=\"\" data-id=\"608\" data-full-url=\"https:\/\/www.wgaeu.org\/wp-content\/uploads\/2021\/02\/2016-11-26-Kuzelky01-1.jpg\" data-link=\"https:\/\/www.wgaeu.org\/?attachment_id=608#main\" class=\"wp-image-608\" srcset=\"https:\/\/www.wgaeu.org\/wp-content\/uploads\/2021\/02\/2016-11-26-Kuzelky01-1.jpg 762w, https:\/\/www.wgaeu.org\/wp-content\/uploads\/2021\/02\/2016-11-26-Kuzelky01-1-300x200.jpg 300w\" sizes=\"auto, (max-width: 762px) 100vw, 762px\" \/><\/figure><\/li><\/ul><\/figure>\n","protected":false},"excerpt":{"rendered":"<p>2016-11-26 WGA Stuttgart jedn\u00e1n\u00ed<\/p>\n","protected":false},"author":1,"featured_media":0,"parent":0,"menu_order":0,"comment_status":"closed","ping_status":"closed","template":"","meta":{"footnotes":""},"class_list":["post-595","page","type-page","status-publish","hentry"],"yoast_head":"<!-- This site is optimized with the Yoast SEO plugin v27.5 - https:\/\/yoast.com\/product\/yoast-seo-wordpress\/ -->\n<title>STUTTGART JEDN\u00c1N\u00cd - WGA<\/title>\n<meta name=\"robots\" content=\"index, follow, max-snippet:-1, max-image-preview:large, max-video-preview:-1\" \/>\n<link rel=\"canonical\" href=\"https:\/\/www.wgaeu.org\/index.php\/stuttgart-jednani-2016\/\" \/>\n<meta property=\"og:locale\" content=\"cs_CZ\" \/>\n<meta property=\"og:type\" content=\"article\" \/>\n<meta property=\"og:title\" content=\"STUTTGART JEDN\u00c1N\u00cd - WGA\" \/>\n<meta property=\"og:description\" content=\"2016-11-26 WGA Stuttgart jedn\u00e1n\u00ed\" \/>\n<meta property=\"og:url\" content=\"https:\/\/www.wgaeu.org\/index.php\/stuttgart-jednani-2016\/\" \/>\n<meta property=\"og:site_name\" content=\"WGA\" \/>\n<meta property=\"article:modified_time\" content=\"2021-02-11T11:37:40+00:00\" \/>\n<meta property=\"og:image\" content=\"https:\/\/www.wgaeu.org\/wp-content\/uploads\/2021\/02\/2016-11-26-WGA-jednani-VV-1.jpg\" \/>\n\t<meta property=\"og:image:width\" content=\"1280\" \/>\n\t<meta property=\"og:image:height\" content=\"720\" \/>\n\t<meta property=\"og:image:type\" content=\"image\/jpeg\" \/>\n<meta name=\"twitter:card\" content=\"summary_large_image\" \/>\n<script type=\"application\/ld+json\" class=\"yoast-schema-graph\">{\"@context\":\"https:\\\/\\\/schema.org\",\"@graph\":[{\"@type\":\"WebPage\",\"@id\":\"https:\\\/\\\/www.wgaeu.org\\\/index.php\\\/stuttgart-jednani-2016\\\/\",\"url\":\"https:\\\/\\\/www.wgaeu.org\\\/index.php\\\/stuttgart-jednani-2016\\\/\",\"name\":\"STUTTGART JEDN\u00c1N\u00cd - WGA\",\"isPartOf\":{\"@id\":\"https:\\\/\\\/www.wgaeu.org\\\/#website\"},\"primaryImageOfPage\":{\"@id\":\"https:\\\/\\\/www.wgaeu.org\\\/index.php\\\/stuttgart-jednani-2016\\\/#primaryimage\"},\"image\":{\"@id\":\"https:\\\/\\\/www.wgaeu.org\\\/index.php\\\/stuttgart-jednani-2016\\\/#primaryimage\"},\"thumbnailUrl\":\"https:\\\/\\\/www.wgaeu.org\\\/wp-content\\\/uploads\\\/2021\\\/02\\\/2016-11-26-WGA-jednani-VV-1-1024x576.jpg\",\"datePublished\":\"2021-02-10T22:32:48+00:00\",\"dateModified\":\"2021-02-11T11:37:40+00:00\",\"breadcrumb\":{\"@id\":\"https:\\\/\\\/www.wgaeu.org\\\/index.php\\\/stuttgart-jednani-2016\\\/#breadcrumb\"},\"inLanguage\":\"cs\",\"potentialAction\":[{\"@type\":\"ReadAction\",\"target\":[\"https:\\\/\\\/www.wgaeu.org\\\/index.php\\\/stuttgart-jednani-2016\\\/\"]}]},{\"@type\":\"ImageObject\",\"inLanguage\":\"cs\",\"@id\":\"https:\\\/\\\/www.wgaeu.org\\\/index.php\\\/stuttgart-jednani-2016\\\/#primaryimage\",\"url\":\"https:\\\/\\\/www.wgaeu.org\\\/wp-content\\\/uploads\\\/2021\\\/02\\\/2016-11-26-WGA-jednani-VV-1.jpg\",\"contentUrl\":\"https:\\\/\\\/www.wgaeu.org\\\/wp-content\\\/uploads\\\/2021\\\/02\\\/2016-11-26-WGA-jednani-VV-1.jpg\",\"width\":1280,\"height\":720},{\"@type\":\"BreadcrumbList\",\"@id\":\"https:\\\/\\\/www.wgaeu.org\\\/index.php\\\/stuttgart-jednani-2016\\\/#breadcrumb\",\"itemListElement\":[{\"@type\":\"ListItem\",\"position\":1,\"name\":\"Dom\u016f\",\"item\":\"https:\\\/\\\/www.wgaeu.org\\\/\"},{\"@type\":\"ListItem\",\"position\":2,\"name\":\"STUTTGART JEDN\u00c1N\u00cd\"}]},{\"@type\":\"WebSite\",\"@id\":\"https:\\\/\\\/www.wgaeu.org\\\/#website\",\"url\":\"https:\\\/\\\/www.wgaeu.org\\\/\",\"name\":\"WGA\",\"description\":\"b\u011bh\u00e1n\u00ed na v\u00e1hu\",\"publisher\":{\"@id\":\"https:\\\/\\\/www.wgaeu.org\\\/#organization\"},\"potentialAction\":[{\"@type\":\"SearchAction\",\"target\":{\"@type\":\"EntryPoint\",\"urlTemplate\":\"https:\\\/\\\/www.wgaeu.org\\\/?s={search_term_string}\"},\"query-input\":{\"@type\":\"PropertyValueSpecification\",\"valueRequired\":true,\"valueName\":\"search_term_string\"}}],\"inLanguage\":\"cs\"},{\"@type\":\"Organization\",\"@id\":\"https:\\\/\\\/www.wgaeu.org\\\/#organization\",\"name\":\"WGA z.s.\",\"url\":\"https:\\\/\\\/www.wgaeu.org\\\/\",\"logo\":{\"@type\":\"ImageObject\",\"inLanguage\":\"cs\",\"@id\":\"https:\\\/\\\/www.wgaeu.org\\\/#\\\/schema\\\/logo\\\/image\\\/\",\"url\":\"https:\\\/\\\/www.wgaeu.org\\\/wp-content\\\/uploads\\\/2021\\\/02\\\/cropped-Grey1-1-e1612471904868.jpg\",\"contentUrl\":\"https:\\\/\\\/www.wgaeu.org\\\/wp-content\\\/uploads\\\/2021\\\/02\\\/cropped-Grey1-1-e1612471904868.jpg\",\"width\":940,\"height\":282,\"caption\":\"WGA z.s.\"},\"image\":{\"@id\":\"https:\\\/\\\/www.wgaeu.org\\\/#\\\/schema\\\/logo\\\/image\\\/\"}}]}<\/script>\n<!-- \/ Yoast SEO plugin. -->","yoast_head_json":{"title":"STUTTGART JEDN\u00c1N\u00cd - WGA","robots":{"index":"index","follow":"follow","max-snippet":"max-snippet:-1","max-image-preview":"max-image-preview:large","max-video-preview":"max-video-preview:-1"},"canonical":"https:\/\/www.wgaeu.org\/index.php\/stuttgart-jednani-2016\/","og_locale":"cs_CZ","og_type":"article","og_title":"STUTTGART JEDN\u00c1N\u00cd - WGA","og_description":"2016-11-26 WGA Stuttgart jedn\u00e1n\u00ed","og_url":"https:\/\/www.wgaeu.org\/index.php\/stuttgart-jednani-2016\/","og_site_name":"WGA","article_modified_time":"2021-02-11T11:37:40+00:00","og_image":[{"width":1280,"height":720,"url":"https:\/\/www.wgaeu.org\/wp-content\/uploads\/2021\/02\/2016-11-26-WGA-jednani-VV-1.jpg","type":"image\/jpeg"}],"twitter_card":"summary_large_image","schema":{"@context":"https:\/\/schema.org","@graph":[{"@type":"WebPage","@id":"https:\/\/www.wgaeu.org\/index.php\/stuttgart-jednani-2016\/","url":"https:\/\/www.wgaeu.org\/index.php\/stuttgart-jednani-2016\/","name":"STUTTGART JEDN\u00c1N\u00cd - WGA","isPartOf":{"@id":"https:\/\/www.wgaeu.org\/#website"},"primaryImageOfPage":{"@id":"https:\/\/www.wgaeu.org\/index.php\/stuttgart-jednani-2016\/#primaryimage"},"image":{"@id":"https:\/\/www.wgaeu.org\/index.php\/stuttgart-jednani-2016\/#primaryimage"},"thumbnailUrl":"https:\/\/www.wgaeu.org\/wp-content\/uploads\/2021\/02\/2016-11-26-WGA-jednani-VV-1-1024x576.jpg","datePublished":"2021-02-10T22:32:48+00:00","dateModified":"2021-02-11T11:37:40+00:00","breadcrumb":{"@id":"https:\/\/www.wgaeu.org\/index.php\/stuttgart-jednani-2016\/#breadcrumb"},"inLanguage":"cs","potentialAction":[{"@type":"ReadAction","target":["https:\/\/www.wgaeu.org\/index.php\/stuttgart-jednani-2016\/"]}]},{"@type":"ImageObject","inLanguage":"cs","@id":"https:\/\/www.wgaeu.org\/index.php\/stuttgart-jednani-2016\/#primaryimage","url":"https:\/\/www.wgaeu.org\/wp-content\/uploads\/2021\/02\/2016-11-26-WGA-jednani-VV-1.jpg","contentUrl":"https:\/\/www.wgaeu.org\/wp-content\/uploads\/2021\/02\/2016-11-26-WGA-jednani-VV-1.jpg","width":1280,"height":720},{"@type":"BreadcrumbList","@id":"https:\/\/www.wgaeu.org\/index.php\/stuttgart-jednani-2016\/#breadcrumb","itemListElement":[{"@type":"ListItem","position":1,"name":"Dom\u016f","item":"https:\/\/www.wgaeu.org\/"},{"@type":"ListItem","position":2,"name":"STUTTGART JEDN\u00c1N\u00cd"}]},{"@type":"WebSite","@id":"https:\/\/www.wgaeu.org\/#website","url":"https:\/\/www.wgaeu.org\/","name":"WGA","description":"b\u011bh\u00e1n\u00ed na v\u00e1hu","publisher":{"@id":"https:\/\/www.wgaeu.org\/#organization"},"potentialAction":[{"@type":"SearchAction","target":{"@type":"EntryPoint","urlTemplate":"https:\/\/www.wgaeu.org\/?s={search_term_string}"},"query-input":{"@type":"PropertyValueSpecification","valueRequired":true,"valueName":"search_term_string"}}],"inLanguage":"cs"},{"@type":"Organization","@id":"https:\/\/www.wgaeu.org\/#organization","name":"WGA z.s.","url":"https:\/\/www.wgaeu.org\/","logo":{"@type":"ImageObject","inLanguage":"cs","@id":"https:\/\/www.wgaeu.org\/#\/schema\/logo\/image\/","url":"https:\/\/www.wgaeu.org\/wp-content\/uploads\/2021\/02\/cropped-Grey1-1-e1612471904868.jpg","contentUrl":"https:\/\/www.wgaeu.org\/wp-content\/uploads\/2021\/02\/cropped-Grey1-1-e1612471904868.jpg","width":940,"height":282,"caption":"WGA z.s."},"image":{"@id":"https:\/\/www.wgaeu.org\/#\/schema\/logo\/image\/"}}]}},"_links":{"self":[{"href":"https:\/\/www.wgaeu.org\/index.php\/wp-json\/wp\/v2\/pages\/595","targetHints":{"allow":["GET"]}}],"collection":[{"href":"https:\/\/www.wgaeu.org\/index.php\/wp-json\/wp\/v2\/pages"}],"about":[{"href":"https:\/\/www.wgaeu.org\/index.php\/wp-json\/wp\/v2\/types\/page"}],"author":[{"embeddable":true,"href":"https:\/\/www.wgaeu.org\/index.php\/wp-json\/wp\/v2\/users\/1"}],"replies":[{"embeddable":true,"href":"https:\/\/www.wgaeu.org\/index.php\/wp-json\/wp\/v2\/comments?post=595"}],"version-history":[{"count":0,"href":"https:\/\/www.wgaeu.org\/index.php\/wp-json\/wp\/v2\/pages\/595\/revisions"}],"wp:attachment":[{"href":"https:\/\/www.wgaeu.org\/index.php\/wp-json\/wp\/v2\/media?parent=595"}],"curies":[{"name":"wp","href":"https:\/\/api.w.org\/{rel}","templated":true}]}}