{"id":520,"date":"2021-02-10T14:11:37","date_gmt":"2021-02-10T14:11:37","guid":{"rendered":"http:\/\/www.wgaeu.org\/?page_id=520"},"modified":"2021-02-10T20:10:14","modified_gmt":"2021-02-10T20:10:14","slug":"wga-jednaci-rad","status":"publish","type":"page","link":"https:\/\/www.wgaeu.org\/index.php\/wga-jednaci-rad\/","title":{"rendered":"WGA JEDNAC\u00cd \u0158\u00c1D"},"content":{"rendered":"<p>\u010cl. 1<br \/>\nZ\u00e1kladn\u00ed ustanoven\u00ed<br \/>\nNejvy\u0161\u0161\u00edm org\u00e1nem spolku je \u010dlensk\u00e1 sch\u016fze, kter\u00e1 se sch\u00e1z\u00ed nejm\u00e9n\u011b jednou ro\u010dn\u011b fyzicky.<\/p>\n<p>\u010cl. 2<br \/>\n\u010clensk\u00e1 sch\u016fze<br \/>\n1. Zased\u00e1n\u00ed \u010dlensk\u00e9 sch\u016fze spolku svol\u00e1v\u00e1 p\u0159edseda spolku.<br \/>\n2. \u010clensk\u00e1 sch\u016fze mus\u00ed b\u00fdt svol\u00e1na i v p\u0159\u00edpad\u011b, \u017ee t\u0159etina \u010dlen\u016f spolku pod\u00e1 ke svol\u00e1n\u00ed podn\u011bt.<br \/>\n3. Informace o kon\u00e1n\u00ed \u010dlensk\u00e9 sch\u016fze je zas\u00edl\u00e1no \u010dlen\u016fm spolku p\u00edsemn\u011b nebo elektronickou po\u0161tou na kontaktn\u00ed adresu, kterou \u010dlen uvedl v p\u0159ihl\u00e1\u0161ce, p\u0159\u00edpadn\u011b na pozd\u011bji \u010dlenem spolku uvedenou kontaktn\u00ed adresu, a to nejpozd\u011bji 30 dn\u00ed p\u0159ed jeho kon\u00e1n\u00edm. Sou\u010d\u00e1st\u00ed informace je n\u00e1vrh programu \u010dlensk\u00e9 sch\u016fze.<br \/>\n4. \u0158\u00edzen\u00edm jedn\u00e1n\u00ed \u010dlensk\u00e9 sch\u016fze spolku je pov\u011b\u0159en z\u00e1stupce Rady spolku.<br \/>\n5. \u00da\u010dastn\u00edky jedn\u00e1n\u00ed \u010dlensk\u00e9 sch\u016fze jsou \u010dlenov\u00e9 WGA z.s. (d\u00e1le jen WGA) a pozvan\u00ed host\u00e9.<br \/>\n6. P\u0159\u00edtomnost \u010dlen\u016f se zaznamen\u00e1v\u00e1 do listiny p\u0159\u00edtomn\u00fdch.<br \/>\n7. Jsou povoleny i jin\u00e9 formy zased\u00e1n\u00ed v duchu v\u00fd\u0161e uveden\u00fdch podm\u00ednek<\/p>\n<p>\u010cl. 3<br \/>\nHlasov\u00e1n\u00ed na zased\u00e1n\u00ed<br \/>\n1 \u010clensk\u00e1 sch\u016fze p\u0159ij\u00edm\u00e1 rozhodnut\u00ed nadpolovi\u010dn\u00ed v\u011bt\u0161inou hlas\u016f. Stanovy spolku lze m\u011bnit dvout\u0159etinovou v\u011bt\u0161inou hlas\u016f v\u0161ech \u010dlen\u016f spolku. O zru\u0161en\u00ed spolku s likvidac\u00ed nebo jeho p\u0159em\u011bn\u011b rozhoduje kvalifikovanou v\u011bt\u0161inou.<br \/>\n2. \u010clensk\u00e1 sch\u016fze je usn\u00e1\u0161en\u00edschopn\u00e1, pokud se z\u00fa\u010dastn\u00ed nadpolovi\u010dn\u00ed v\u011bt\u0161ina \u010dlen\u016f. Nen\u00ed-li \u010dlensk\u00e1 sch\u016fze schopna se usn\u00e1\u0161et, svol\u00e1 Rada spolku n\u00e1hradn\u00ed \u010dlenskou sch\u016fzi do jednoho m\u011bs\u00edce ode dne p\u016fvodn\u00edho kon\u00e1n\u00ed, tato opakovan\u00e1 \u010dlensk\u00e1 sch\u016fze je usn\u00e1\u0161en\u00edschopn\u00e1 bez ohledu na po\u010det p\u0159\u00edtomn\u00fdch \u010dlen\u016f.<br \/>\n3. Ka\u017ed\u00fd \u010dlen spolku m\u00e1 p\u0159i rozhodov\u00e1n\u00ed jeden hlas; hlasy \u010dlen\u016f si jsou rovny.<br \/>\n4. Pr\u00e1vo hlasovat maj\u00ed pouze \u0159\u00e1dn\u00ed a p\u0159\u00edtomn\u00ed \u010dlenov\u00e9 spolku. Zastoupen\u00ed (plnou moc\u00ed) nen\u00ed mo\u017en\u00e9.<br \/>\n5. Pokud nen\u00ed stanoveno jinak, hlasuje se v\u017edy zvednut\u00edm ruky.<br \/>\n6. \u010clensk\u00e1 sch\u016fze m\u016f\u017ee pro rozhodov\u00e1n\u00ed v pr\u016fb\u011bhu roku vyu\u017e\u00edvat elektronickou komunikaci a on-line formul\u00e1\u0159e. V takov\u00fdch p\u0159\u00edpadech je \u010dlensk\u00e1 sch\u016fze usn\u00e1\u0161en\u00edschopn\u00e1 na z\u00e1klad\u011b odpov\u011bdi nadpolovi\u010dn\u00ed v\u011bt\u0161iny \u010dlen\u016f spolku. Tyto mus\u00ed b\u00fdt archivov\u00e1ny po dobu dvou let Radou spolku.<\/p>\n<p>\u010cl. 4<br \/>\nProgram \u010dlensk\u00e9 sch\u016fze<br \/>\n1. N\u00e1vrhy k projedn\u00e1n\u00ed \u010dlenskou sch\u016fz\u00ed mohou \u010dlenov\u00e9 WGA Rad\u011b spolku do stanoven\u00e9ho data.<br \/>\n2. Zve\u0159ejn\u011bn\u00fd n\u00e1vrh programu jedn\u00e1n\u00ed \u010dlensk\u00e9 sch\u016fze, je pro jedn\u00e1n\u00ed z\u00e1vazn\u00fd.<br \/>\n3. \u010clensk\u00e1 sch\u016fze nem\u016f\u017ee p\u0159ij\u00edmat usnesen\u00ed k ot\u00e1zk\u00e1m z\u00e1sadn\u00edho v\u00fdznamu, jejich\u017e projedn\u00e1n\u00ed nebylo p\u0159edem uvedeno v programu.<\/p>\n<p>\u010cl. 5<br \/>\nPr\u016fb\u011bh \u010dlensk\u00e9 sch\u016fze<br \/>\n1. Rada spolku stanov\u00ed jednoho sv\u00e9ho \u010dlena zapisovatelem. Zapisovatel je zodpov\u011bdn\u00fd za korektn\u00ed z\u00e1pis sch\u016fze, evidenci se\u010dten\u00fdch hlas\u016f, na z\u00e1klad\u011b jeho n\u00e1vrhu jsou schvalov\u00e1ny z\u00e1v\u011bry jednotliv\u00fdch jedn\u00e1n\u00ed a\u00a0z\u00e1pis sch\u016fze.<br \/>\n2. Rada spolku m\u016f\u017ee z d\u016fvodu porady, \u010di jin\u00fdch d\u016fvod\u016f vyhl\u00e1sit b\u011bhem \u010dlensk\u00e9 sch\u016fze kr\u00e1tkou p\u0159est\u00e1vku.<br \/>\n3. Pr\u00e1vo diskutovat maj\u00ed pouze \u010dlenov\u00e9 WGA nebo pozvan\u00ed host\u00e9.<br \/>\n4. \u0158\u00edd\u00edc\u00ed \u010clensk\u00e9 sch\u016fze je povinen \u0159\u00eddit diskuzi tak, aby byla v\u011bcn\u00e1 a efektivn\u00ed. M\u00e1 pr\u00e1vo odejmout slovo diskutuj\u00edc\u00edmu, kter\u00fd pou\u017e\u00edv\u00e1 vulg\u00e1rn\u00ed v\u00fdrazy a verb\u00e1ln\u011b napad\u00e1 \u010dleny. Diskuzn\u00ed vstupy mohou b\u00fdt \u010dasov\u011b omezeny.<br \/>\n5. Pokud v diskuzi bude dotaz, kter\u00fd nelze na m\u00edst\u011b zodpov\u011bd\u011bt, je dotazovan\u00fd povinen zpracovat p\u00edsemnou odpov\u011b\u010f. Ta bude sou\u010d\u00e1st\u00ed z\u00e1pisu z \u010clensk\u00e9 sch\u016fze. Se z\u00e1pisem mus\u00ed b\u00fdt sezn\u00e1meni v\u0161ichni \u010dlenov\u00e9 spolku elektronickou formou do t\u0159iceti dn\u016f od kon\u00e1n\u00ed \u010dlensk\u00e9 sch\u016fze. Z\u00e1pis spolu s listinou p\u0159\u00edtomn\u00fdch archivuje po dobu t\u0159\u00ed let Rada spolku.<\/p>\n<p>\u010cl. 6<br \/>\nZ\u00e1v\u011bre\u010dn\u00e1 ustanoven\u00ed<br \/>\nVe\u0161ker\u00e9 zm\u011bny tohoto jednac\u00edho \u0159\u00e1du jsou v pravomoci \u010dlensk\u00e9 sch\u016fze spolku.<\/p>\n<p><em>Sm\u011brnice WGA Jednac\u00edho \u0159\u00e1du<\/em><br \/>\n<em>byla schv\u00e1lena na \u010clensk\u00e9 sch\u016fzi<\/em><br \/>\n<em>dne 14. 01. 2017<\/em><\/p>\n<p><em>V\u00e1clav Holoch<\/em><br \/>\n<em>Prezident WGA, v.r.<\/em><\/p>\n","protected":false},"excerpt":{"rendered":"<p>\u010cl. 1 Z\u00e1kladn\u00ed ustanoven\u00ed Nejvy\u0161\u0161\u00edm org\u00e1nem spolku je \u010dlensk\u00e1 sch\u016fze, kter\u00e1 se sch\u00e1z\u00ed nejm\u00e9n\u011b jednou ro\u010dn\u011b fyzicky. \u010cl. 2 \u010clensk\u00e1 sch\u016fze 1. Zased\u00e1n\u00ed \u010dlensk\u00e9 sch\u016fze spolku svol\u00e1v\u00e1 p\u0159edseda spolku. 2. \u010clensk\u00e1 sch\u016fze mus\u00ed b\u00fdt svol\u00e1na i v p\u0159\u00edpad\u011b, \u017ee t\u0159etina \u010dlen\u016f spolku pod\u00e1 ke svol\u00e1n\u00ed podn\u011bt. 3. Informace o kon\u00e1n\u00ed \u010dlensk\u00e9 sch\u016fze je zas\u00edl\u00e1no \u010dlen\u016fm [&hellip;]<\/p>\n","protected":false},"author":1,"featured_media":0,"parent":0,"menu_order":0,"comment_status":"closed","ping_status":"closed","template":"","meta":{"footnotes":""},"class_list":["post-520","page","type-page","status-publish","hentry"],"yoast_head":"<!-- This site is optimized with the Yoast SEO plugin v27.4 - https:\/\/yoast.com\/product\/yoast-seo-wordpress\/ -->\n<title>WGA JEDNAC\u00cd \u0158\u00c1D - WGA<\/title>\n<meta name=\"robots\" content=\"index, follow, max-snippet:-1, max-image-preview:large, max-video-preview:-1\" \/>\n<link rel=\"canonical\" href=\"https:\/\/www.wgaeu.org\/index.php\/wga-jednaci-rad\/\" \/>\n<meta property=\"og:locale\" content=\"cs_CZ\" \/>\n<meta property=\"og:type\" content=\"article\" \/>\n<meta property=\"og:title\" content=\"WGA JEDNAC\u00cd \u0158\u00c1D - WGA\" \/>\n<meta property=\"og:description\" content=\"\u010cl. 1 Z\u00e1kladn\u00ed ustanoven\u00ed Nejvy\u0161\u0161\u00edm org\u00e1nem spolku je \u010dlensk\u00e1 sch\u016fze, kter\u00e1 se sch\u00e1z\u00ed nejm\u00e9n\u011b jednou ro\u010dn\u011b fyzicky. \u010cl. 2 \u010clensk\u00e1 sch\u016fze 1. Zased\u00e1n\u00ed \u010dlensk\u00e9 sch\u016fze spolku svol\u00e1v\u00e1 p\u0159edseda spolku. 2. \u010clensk\u00e1 sch\u016fze mus\u00ed b\u00fdt svol\u00e1na i v p\u0159\u00edpad\u011b, \u017ee t\u0159etina \u010dlen\u016f spolku pod\u00e1 ke svol\u00e1n\u00ed podn\u011bt. 3. Informace o kon\u00e1n\u00ed \u010dlensk\u00e9 sch\u016fze je zas\u00edl\u00e1no \u010dlen\u016fm [&hellip;]\" \/>\n<meta property=\"og:url\" content=\"https:\/\/www.wgaeu.org\/index.php\/wga-jednaci-rad\/\" \/>\n<meta property=\"og:site_name\" content=\"WGA\" \/>\n<meta property=\"article:modified_time\" content=\"2021-02-10T20:10:14+00:00\" \/>\n<meta name=\"twitter:card\" content=\"summary_large_image\" \/>\n<meta name=\"twitter:label1\" content=\"Odhadovan\u00e1 doba \u010dten\u00ed\" \/>\n\t<meta name=\"twitter:data1\" content=\"4 minuty\" \/>\n<script type=\"application\/ld+json\" class=\"yoast-schema-graph\">{\"@context\":\"https:\\\/\\\/schema.org\",\"@graph\":[{\"@type\":\"WebPage\",\"@id\":\"https:\\\/\\\/www.wgaeu.org\\\/index.php\\\/wga-jednaci-rad\\\/\",\"url\":\"https:\\\/\\\/www.wgaeu.org\\\/index.php\\\/wga-jednaci-rad\\\/\",\"name\":\"WGA JEDNAC\u00cd \u0158\u00c1D - WGA\",\"isPartOf\":{\"@id\":\"https:\\\/\\\/www.wgaeu.org\\\/#website\"},\"datePublished\":\"2021-02-10T14:11:37+00:00\",\"dateModified\":\"2021-02-10T20:10:14+00:00\",\"breadcrumb\":{\"@id\":\"https:\\\/\\\/www.wgaeu.org\\\/index.php\\\/wga-jednaci-rad\\\/#breadcrumb\"},\"inLanguage\":\"cs\",\"potentialAction\":[{\"@type\":\"ReadAction\",\"target\":[\"https:\\\/\\\/www.wgaeu.org\\\/index.php\\\/wga-jednaci-rad\\\/\"]}]},{\"@type\":\"BreadcrumbList\",\"@id\":\"https:\\\/\\\/www.wgaeu.org\\\/index.php\\\/wga-jednaci-rad\\\/#breadcrumb\",\"itemListElement\":[{\"@type\":\"ListItem\",\"position\":1,\"name\":\"Dom\u016f\",\"item\":\"https:\\\/\\\/www.wgaeu.org\\\/\"},{\"@type\":\"ListItem\",\"position\":2,\"name\":\"WGA JEDNAC\u00cd \u0158\u00c1D\"}]},{\"@type\":\"WebSite\",\"@id\":\"https:\\\/\\\/www.wgaeu.org\\\/#website\",\"url\":\"https:\\\/\\\/www.wgaeu.org\\\/\",\"name\":\"WGA\",\"description\":\"b\u011bh\u00e1n\u00ed na v\u00e1hu\",\"publisher\":{\"@id\":\"https:\\\/\\\/www.wgaeu.org\\\/#organization\"},\"potentialAction\":[{\"@type\":\"SearchAction\",\"target\":{\"@type\":\"EntryPoint\",\"urlTemplate\":\"https:\\\/\\\/www.wgaeu.org\\\/?s={search_term_string}\"},\"query-input\":{\"@type\":\"PropertyValueSpecification\",\"valueRequired\":true,\"valueName\":\"search_term_string\"}}],\"inLanguage\":\"cs\"},{\"@type\":\"Organization\",\"@id\":\"https:\\\/\\\/www.wgaeu.org\\\/#organization\",\"name\":\"WGA z.s.\",\"url\":\"https:\\\/\\\/www.wgaeu.org\\\/\",\"logo\":{\"@type\":\"ImageObject\",\"inLanguage\":\"cs\",\"@id\":\"https:\\\/\\\/www.wgaeu.org\\\/#\\\/schema\\\/logo\\\/image\\\/\",\"url\":\"https:\\\/\\\/www.wgaeu.org\\\/wp-content\\\/uploads\\\/2021\\\/02\\\/cropped-Grey1-1-e1612471904868.jpg\",\"contentUrl\":\"https:\\\/\\\/www.wgaeu.org\\\/wp-content\\\/uploads\\\/2021\\\/02\\\/cropped-Grey1-1-e1612471904868.jpg\",\"width\":940,\"height\":282,\"caption\":\"WGA z.s.\"},\"image\":{\"@id\":\"https:\\\/\\\/www.wgaeu.org\\\/#\\\/schema\\\/logo\\\/image\\\/\"}}]}<\/script>\n<!-- \/ Yoast SEO plugin. -->","yoast_head_json":{"title":"WGA JEDNAC\u00cd \u0158\u00c1D - WGA","robots":{"index":"index","follow":"follow","max-snippet":"max-snippet:-1","max-image-preview":"max-image-preview:large","max-video-preview":"max-video-preview:-1"},"canonical":"https:\/\/www.wgaeu.org\/index.php\/wga-jednaci-rad\/","og_locale":"cs_CZ","og_type":"article","og_title":"WGA JEDNAC\u00cd \u0158\u00c1D - WGA","og_description":"\u010cl. 1 Z\u00e1kladn\u00ed ustanoven\u00ed Nejvy\u0161\u0161\u00edm org\u00e1nem spolku je \u010dlensk\u00e1 sch\u016fze, kter\u00e1 se sch\u00e1z\u00ed nejm\u00e9n\u011b jednou ro\u010dn\u011b fyzicky. \u010cl. 2 \u010clensk\u00e1 sch\u016fze 1. Zased\u00e1n\u00ed \u010dlensk\u00e9 sch\u016fze spolku svol\u00e1v\u00e1 p\u0159edseda spolku. 2. \u010clensk\u00e1 sch\u016fze mus\u00ed b\u00fdt svol\u00e1na i v p\u0159\u00edpad\u011b, \u017ee t\u0159etina \u010dlen\u016f spolku pod\u00e1 ke svol\u00e1n\u00ed podn\u011bt. 3. Informace o kon\u00e1n\u00ed \u010dlensk\u00e9 sch\u016fze je zas\u00edl\u00e1no \u010dlen\u016fm [&hellip;]","og_url":"https:\/\/www.wgaeu.org\/index.php\/wga-jednaci-rad\/","og_site_name":"WGA","article_modified_time":"2021-02-10T20:10:14+00:00","twitter_card":"summary_large_image","twitter_misc":{"Odhadovan\u00e1 doba \u010dten\u00ed":"4 minuty"},"schema":{"@context":"https:\/\/schema.org","@graph":[{"@type":"WebPage","@id":"https:\/\/www.wgaeu.org\/index.php\/wga-jednaci-rad\/","url":"https:\/\/www.wgaeu.org\/index.php\/wga-jednaci-rad\/","name":"WGA JEDNAC\u00cd \u0158\u00c1D - WGA","isPartOf":{"@id":"https:\/\/www.wgaeu.org\/#website"},"datePublished":"2021-02-10T14:11:37+00:00","dateModified":"2021-02-10T20:10:14+00:00","breadcrumb":{"@id":"https:\/\/www.wgaeu.org\/index.php\/wga-jednaci-rad\/#breadcrumb"},"inLanguage":"cs","potentialAction":[{"@type":"ReadAction","target":["https:\/\/www.wgaeu.org\/index.php\/wga-jednaci-rad\/"]}]},{"@type":"BreadcrumbList","@id":"https:\/\/www.wgaeu.org\/index.php\/wga-jednaci-rad\/#breadcrumb","itemListElement":[{"@type":"ListItem","position":1,"name":"Dom\u016f","item":"https:\/\/www.wgaeu.org\/"},{"@type":"ListItem","position":2,"name":"WGA JEDNAC\u00cd \u0158\u00c1D"}]},{"@type":"WebSite","@id":"https:\/\/www.wgaeu.org\/#website","url":"https:\/\/www.wgaeu.org\/","name":"WGA","description":"b\u011bh\u00e1n\u00ed na v\u00e1hu","publisher":{"@id":"https:\/\/www.wgaeu.org\/#organization"},"potentialAction":[{"@type":"SearchAction","target":{"@type":"EntryPoint","urlTemplate":"https:\/\/www.wgaeu.org\/?s={search_term_string}"},"query-input":{"@type":"PropertyValueSpecification","valueRequired":true,"valueName":"search_term_string"}}],"inLanguage":"cs"},{"@type":"Organization","@id":"https:\/\/www.wgaeu.org\/#organization","name":"WGA z.s.","url":"https:\/\/www.wgaeu.org\/","logo":{"@type":"ImageObject","inLanguage":"cs","@id":"https:\/\/www.wgaeu.org\/#\/schema\/logo\/image\/","url":"https:\/\/www.wgaeu.org\/wp-content\/uploads\/2021\/02\/cropped-Grey1-1-e1612471904868.jpg","contentUrl":"https:\/\/www.wgaeu.org\/wp-content\/uploads\/2021\/02\/cropped-Grey1-1-e1612471904868.jpg","width":940,"height":282,"caption":"WGA z.s."},"image":{"@id":"https:\/\/www.wgaeu.org\/#\/schema\/logo\/image\/"}}]}},"_links":{"self":[{"href":"https:\/\/www.wgaeu.org\/index.php\/wp-json\/wp\/v2\/pages\/520","targetHints":{"allow":["GET"]}}],"collection":[{"href":"https:\/\/www.wgaeu.org\/index.php\/wp-json\/wp\/v2\/pages"}],"about":[{"href":"https:\/\/www.wgaeu.org\/index.php\/wp-json\/wp\/v2\/types\/page"}],"author":[{"embeddable":true,"href":"https:\/\/www.wgaeu.org\/index.php\/wp-json\/wp\/v2\/users\/1"}],"replies":[{"embeddable":true,"href":"https:\/\/www.wgaeu.org\/index.php\/wp-json\/wp\/v2\/comments?post=520"}],"version-history":[{"count":0,"href":"https:\/\/www.wgaeu.org\/index.php\/wp-json\/wp\/v2\/pages\/520\/revisions"}],"wp:attachment":[{"href":"https:\/\/www.wgaeu.org\/index.php\/wp-json\/wp\/v2\/media?parent=520"}],"curies":[{"name":"wp","href":"https:\/\/api.w.org\/{rel}","templated":true}]}}