{"id":347,"date":"2021-02-09T19:18:29","date_gmt":"2021-02-09T19:18:29","guid":{"rendered":"http:\/\/www.wgaeu.org\/?page_id=347"},"modified":"2021-02-19T16:14:56","modified_gmt":"2021-02-19T15:14:56","slug":"cdl-zprava","status":"publish","type":"page","link":"https:\/\/www.wgaeu.org\/index.php\/cdl-zprava\/","title":{"rendered":"CdL ZPR\u00c1VA"},"content":{"rendered":"<p><em>(From Mrs. Stenberg)<br \/>\n<\/em>Hi<br \/>\nOne of ours delegaat have seen on your page that you promo WGA rage and coursing, that those are European Champion competitions. Do you have a FCI licensed to do so. If this is not so will you take that EM away from yours page. According to information received by the CDL you do not have official permission to use that EM\u00b4.<\/p>\n","protected":false},"excerpt":{"rendered":"<p>(From Mrs. Stenberg) Hi One of ours delegaat have seen on your page that you promo WGA rage and coursing, that those are European Champion competitions. Do you have a FCI licensed to do so. If this is not so will you take that EM away from yours page. According to information received by the [&hellip;]<\/p>\n","protected":false},"author":1,"featured_media":0,"parent":0,"menu_order":0,"comment_status":"closed","ping_status":"closed","template":"","meta":{"footnotes":""},"class_list":["post-347","page","type-page","status-publish","hentry"],"yoast_head":"<!-- This site is optimized with the Yoast SEO plugin v27.5 - https:\/\/yoast.com\/product\/yoast-seo-wordpress\/ -->\n<title>CdL ZPR\u00c1VA - WGA<\/title>\n<meta name=\"robots\" content=\"index, follow, max-snippet:-1, max-image-preview:large, max-video-preview:-1\" \/>\n<link rel=\"canonical\" href=\"https:\/\/www.wgaeu.org\/index.php\/cdl-zprava\/\" \/>\n<meta property=\"og:locale\" content=\"cs_CZ\" \/>\n<meta property=\"og:type\" content=\"article\" \/>\n<meta property=\"og:title\" content=\"CdL ZPR\u00c1VA - WGA\" \/>\n<meta property=\"og:description\" content=\"(From Mrs. Stenberg) Hi One of ours delegaat have seen on your page that you promo WGA rage and coursing, that those are European Champion competitions. Do you have a FCI licensed to do so. If this is not so will you take that EM away from yours page. According to information received by the [&hellip;]\" \/>\n<meta property=\"og:url\" content=\"https:\/\/www.wgaeu.org\/index.php\/cdl-zprava\/\" \/>\n<meta property=\"og:site_name\" content=\"WGA\" \/>\n<meta property=\"article:modified_time\" content=\"2021-02-19T15:14:56+00:00\" \/>\n<meta name=\"twitter:card\" content=\"summary_large_image\" \/>\n<script type=\"application\/ld+json\" class=\"yoast-schema-graph\">{\"@context\":\"https:\\\/\\\/schema.org\",\"@graph\":[{\"@type\":\"WebPage\",\"@id\":\"https:\\\/\\\/www.wgaeu.org\\\/index.php\\\/cdl-zprava\\\/\",\"url\":\"https:\\\/\\\/www.wgaeu.org\\\/index.php\\\/cdl-zprava\\\/\",\"name\":\"CdL ZPR\u00c1VA - WGA\",\"isPartOf\":{\"@id\":\"https:\\\/\\\/www.wgaeu.org\\\/#website\"},\"datePublished\":\"2021-02-09T19:18:29+00:00\",\"dateModified\":\"2021-02-19T15:14:56+00:00\",\"breadcrumb\":{\"@id\":\"https:\\\/\\\/www.wgaeu.org\\\/index.php\\\/cdl-zprava\\\/#breadcrumb\"},\"inLanguage\":\"cs\",\"potentialAction\":[{\"@type\":\"ReadAction\",\"target\":[\"https:\\\/\\\/www.wgaeu.org\\\/index.php\\\/cdl-zprava\\\/\"]}]},{\"@type\":\"BreadcrumbList\",\"@id\":\"https:\\\/\\\/www.wgaeu.org\\\/index.php\\\/cdl-zprava\\\/#breadcrumb\",\"itemListElement\":[{\"@type\":\"ListItem\",\"position\":1,\"name\":\"Dom\u016f\",\"item\":\"https:\\\/\\\/www.wgaeu.org\\\/\"},{\"@type\":\"ListItem\",\"position\":2,\"name\":\"CdL ZPR\u00c1VA\"}]},{\"@type\":\"WebSite\",\"@id\":\"https:\\\/\\\/www.wgaeu.org\\\/#website\",\"url\":\"https:\\\/\\\/www.wgaeu.org\\\/\",\"name\":\"WGA\",\"description\":\"b\u011bh\u00e1n\u00ed na v\u00e1hu\",\"publisher\":{\"@id\":\"https:\\\/\\\/www.wgaeu.org\\\/#organization\"},\"potentialAction\":[{\"@type\":\"SearchAction\",\"target\":{\"@type\":\"EntryPoint\",\"urlTemplate\":\"https:\\\/\\\/www.wgaeu.org\\\/?s={search_term_string}\"},\"query-input\":{\"@type\":\"PropertyValueSpecification\",\"valueRequired\":true,\"valueName\":\"search_term_string\"}}],\"inLanguage\":\"cs\"},{\"@type\":\"Organization\",\"@id\":\"https:\\\/\\\/www.wgaeu.org\\\/#organization\",\"name\":\"WGA z.s.\",\"url\":\"https:\\\/\\\/www.wgaeu.org\\\/\",\"logo\":{\"@type\":\"ImageObject\",\"inLanguage\":\"cs\",\"@id\":\"https:\\\/\\\/www.wgaeu.org\\\/#\\\/schema\\\/logo\\\/image\\\/\",\"url\":\"https:\\\/\\\/www.wgaeu.org\\\/wp-content\\\/uploads\\\/2021\\\/02\\\/cropped-Grey1-1-e1612471904868.jpg\",\"contentUrl\":\"https:\\\/\\\/www.wgaeu.org\\\/wp-content\\\/uploads\\\/2021\\\/02\\\/cropped-Grey1-1-e1612471904868.jpg\",\"width\":940,\"height\":282,\"caption\":\"WGA z.s.\"},\"image\":{\"@id\":\"https:\\\/\\\/www.wgaeu.org\\\/#\\\/schema\\\/logo\\\/image\\\/\"}}]}<\/script>\n<!-- \/ Yoast SEO plugin. -->","yoast_head_json":{"title":"CdL ZPR\u00c1VA - WGA","robots":{"index":"index","follow":"follow","max-snippet":"max-snippet:-1","max-image-preview":"max-image-preview:large","max-video-preview":"max-video-preview:-1"},"canonical":"https:\/\/www.wgaeu.org\/index.php\/cdl-zprava\/","og_locale":"cs_CZ","og_type":"article","og_title":"CdL ZPR\u00c1VA - WGA","og_description":"(From Mrs. Stenberg) Hi One of ours delegaat have seen on your page that you promo WGA rage and coursing, that those are European Champion competitions. Do you have a FCI licensed to do so. If this is not so will you take that EM away from yours page. According to information received by the [&hellip;]","og_url":"https:\/\/www.wgaeu.org\/index.php\/cdl-zprava\/","og_site_name":"WGA","article_modified_time":"2021-02-19T15:14:56+00:00","twitter_card":"summary_large_image","schema":{"@context":"https:\/\/schema.org","@graph":[{"@type":"WebPage","@id":"https:\/\/www.wgaeu.org\/index.php\/cdl-zprava\/","url":"https:\/\/www.wgaeu.org\/index.php\/cdl-zprava\/","name":"CdL ZPR\u00c1VA - WGA","isPartOf":{"@id":"https:\/\/www.wgaeu.org\/#website"},"datePublished":"2021-02-09T19:18:29+00:00","dateModified":"2021-02-19T15:14:56+00:00","breadcrumb":{"@id":"https:\/\/www.wgaeu.org\/index.php\/cdl-zprava\/#breadcrumb"},"inLanguage":"cs","potentialAction":[{"@type":"ReadAction","target":["https:\/\/www.wgaeu.org\/index.php\/cdl-zprava\/"]}]},{"@type":"BreadcrumbList","@id":"https:\/\/www.wgaeu.org\/index.php\/cdl-zprava\/#breadcrumb","itemListElement":[{"@type":"ListItem","position":1,"name":"Dom\u016f","item":"https:\/\/www.wgaeu.org\/"},{"@type":"ListItem","position":2,"name":"CdL ZPR\u00c1VA"}]},{"@type":"WebSite","@id":"https:\/\/www.wgaeu.org\/#website","url":"https:\/\/www.wgaeu.org\/","name":"WGA","description":"b\u011bh\u00e1n\u00ed na v\u00e1hu","publisher":{"@id":"https:\/\/www.wgaeu.org\/#organization"},"potentialAction":[{"@type":"SearchAction","target":{"@type":"EntryPoint","urlTemplate":"https:\/\/www.wgaeu.org\/?s={search_term_string}"},"query-input":{"@type":"PropertyValueSpecification","valueRequired":true,"valueName":"search_term_string"}}],"inLanguage":"cs"},{"@type":"Organization","@id":"https:\/\/www.wgaeu.org\/#organization","name":"WGA z.s.","url":"https:\/\/www.wgaeu.org\/","logo":{"@type":"ImageObject","inLanguage":"cs","@id":"https:\/\/www.wgaeu.org\/#\/schema\/logo\/image\/","url":"https:\/\/www.wgaeu.org\/wp-content\/uploads\/2021\/02\/cropped-Grey1-1-e1612471904868.jpg","contentUrl":"https:\/\/www.wgaeu.org\/wp-content\/uploads\/2021\/02\/cropped-Grey1-1-e1612471904868.jpg","width":940,"height":282,"caption":"WGA z.s."},"image":{"@id":"https:\/\/www.wgaeu.org\/#\/schema\/logo\/image\/"}}]}},"_links":{"self":[{"href":"https:\/\/www.wgaeu.org\/index.php\/wp-json\/wp\/v2\/pages\/347","targetHints":{"allow":["GET"]}}],"collection":[{"href":"https:\/\/www.wgaeu.org\/index.php\/wp-json\/wp\/v2\/pages"}],"about":[{"href":"https:\/\/www.wgaeu.org\/index.php\/wp-json\/wp\/v2\/types\/page"}],"author":[{"embeddable":true,"href":"https:\/\/www.wgaeu.org\/index.php\/wp-json\/wp\/v2\/users\/1"}],"replies":[{"embeddable":true,"href":"https:\/\/www.wgaeu.org\/index.php\/wp-json\/wp\/v2\/comments?post=347"}],"version-history":[{"count":0,"href":"https:\/\/www.wgaeu.org\/index.php\/wp-json\/wp\/v2\/pages\/347\/revisions"}],"wp:attachment":[{"href":"https:\/\/www.wgaeu.org\/index.php\/wp-json\/wp\/v2\/media?parent=347"}],"curies":[{"name":"wp","href":"https:\/\/api.w.org\/{rel}","templated":true}]}}