{"id":329,"date":"2021-02-09T19:01:33","date_gmt":"2021-02-09T19:01:33","guid":{"rendered":"http:\/\/www.wgaeu.org\/?page_id=329"},"modified":"2021-02-11T15:11:34","modified_gmt":"2021-02-11T15:11:34","slug":"dostih-wrv-midland-lelystad","status":"publish","type":"page","link":"https:\/\/www.wgaeu.org\/index.php\/dostih-wrv-midland-lelystad\/","title":{"rendered":"WGA DOSTIH MIDLAND"},"content":{"rendered":"<p>2017-10-15 WRV Midland Lelystad NL<\/p>\n\n\n<hr class=\"wp-block-separator is-style-wide\"\/>\n\n\n<p>Zpr\u00e1va o po\u0159\u00e1d\u00e1n\u00ed WGA dostihu<\/p>\n\n\n<figure class=\"wp-block-image size-large\"><img loading=\"lazy\" decoding=\"async\" width=\"540\" height=\"960\" src=\"https:\/\/www.wgaeu.org\/wp-content\/uploads\/2021\/02\/Holandsko-zprava.png\" alt=\"\" class=\"wp-image-1603\" srcset=\"https:\/\/www.wgaeu.org\/wp-content\/uploads\/2021\/02\/Holandsko-zprava.png 540w, https:\/\/www.wgaeu.org\/wp-content\/uploads\/2021\/02\/Holandsko-zprava-169x300.png 169w\" sizes=\"auto, (max-width: 540px) 100vw, 540px\" \/><\/figure>\n\n\n\n<hr class=\"wp-block-separator is-style-wide\"\/>\n\n\n\n<figure class=\"wp-block-image size-large\"><img loading=\"lazy\" decoding=\"async\" width=\"1024\" height=\"724\" src=\"https:\/\/www.wgaeu.org\/wp-content\/uploads\/2021\/02\/NL-plakat-EN-1024x724.jpg\" alt=\"\" class=\"wp-image-1604\" srcset=\"https:\/\/www.wgaeu.org\/wp-content\/uploads\/2021\/02\/NL-plakat-EN-1024x724.jpg 1024w, https:\/\/www.wgaeu.org\/wp-content\/uploads\/2021\/02\/NL-plakat-EN-300x212.jpg 300w, https:\/\/www.wgaeu.org\/wp-content\/uploads\/2021\/02\/NL-plakat-EN-768x543.jpg 768w, https:\/\/www.wgaeu.org\/wp-content\/uploads\/2021\/02\/NL-plakat-EN-1536x1085.jpg 1536w, https:\/\/www.wgaeu.org\/wp-content\/uploads\/2021\/02\/NL-plakat-EN.jpg 1772w\" sizes=\"auto, (max-width: 1024px) 100vw, 1024px\" \/><\/figure>\n\n\n\n<hr class=\"wp-block-separator is-style-wide\"\/>\n\n\n<p>Netherlands Derby, WEIGHT RACE , MIDLAND OCTOBER 15<sup>th<\/sup>, 2017<br>This year&#8217;s last derby. It follows in the footsteps of the European Derby in Awans, the Belgian Derby in Beringen, and the Swiss and Italian Derbys in Lostallo. Come and support weight racing. A friendly atmosphere, fair play, and even competitors are waiting for you.<\/p>\n<p>Sunday October 15th there will be another weight race at the Midland track in Lelystad, Holland, for Whippets and Italian Greyhounds.<\/p>\n<p>All other breeds will run according to the standard FCI system and their prizes will be awarded according to the FCI prize money system.<\/p>\n<p>Please note that all dogs need to have pedigree papers and a by the FCI approved racing licence.<\/p>\n<p>The dogs that participate in the weight race will run two series with a maximum of 4 dogs per run. We will try to select the dogs for the series according to equal speed as much as possible.<\/p>\n<p>The times of all dogs will be measured electronically and the 6 fastest dogs per weight class will run in the A-finals. The following 6 dogs will run in the B-finals etc. Males and females will run together. The running distance will be 350 meters.<\/p>\n<p>For the weight race Midland has something special this year. As mentioned above we will have, depending on the number of dogs entered, A-, B-, C-, etc. finals. The winner of each final will receive a winner jacket sponsored by WGA\/DG DogGear and a money prize of 50 Euro. The other finalists will all receive flowers or a nice pleasantry.<\/p>\n<p>With the sponsoring of WGA\/DG DogGear it looks like we will have a very nice International race. There are already foreign contestants who aired the intention to attend our race. We will do everything in our power to make this day a success.<\/p>\n<p>THE WEIGHT DETERMINATION<br>When signing up for our race we ask you to give us your dog\u2019s weight. We need this so we can make a first draft of the program for the race. You can weigh your dog at your vet, using their scales or you can weigh your dog at home. At home you can stand on the scales with your dog in your arms, subtracting your own weight from the total weight. Make sure that your dog does not wear his collar or his harness as every gram can count.<\/p>\n<p>On racing day we will re-weigh your dog and determine his definitive weight for the classes. We weigh the dogs on a professional veterinarian scale. When our result differs from the weight that you have entered, your dog may be switched to another class than the one we pre-entered your dog in.<br>The weighing starts at 9.00 hours on racing day.<\/p>\n<p>THE WEIGHTCLASSES<\/p>\n<p>WHIPPETS<br>The Whippets will run in five weight classes.<br>Weight class 1: up to and including 11,99 kg<br>Weight class 2: 12 up to and including 13,99 kg<br>Weight class 3: 14 up to and including 15,99 kg<br>Weight class 4: 16 up to and including 17,99 kg<br>Weight class 5: 18 kg and more&nbsp;<\/p>\n<p>ITALIAN GREYHOUNDS<br>The Italian Greyhounds will run in four weight classes.<br>Weight class 1: up to and including 4,99 kg<br>Weight class 2: 5 up to and including 5,99 kg<br>Weight class 3: 6 up to and including 6,99 kg<br>Weight class 4: 7 kg and more<\/p>\n<p>Midland has ample parking spots and camping facilities. If you like to camp please get in contact with us by mail:&nbsp;<a href=\"mailto:WRVMIDLAND@UPCMAIL.NL\">WRVMIDLAND@UPCMAIL.NL<\/a>&nbsp;<\/p>\n<p>Sponsors: WGA and DG DogGear<\/p>\n\n\n<hr class=\"wp-block-separator is-style-wide\"\/>\n\n\n\n<div class=\"wp-block-file\"><a href=\"https:\/\/www.wgaeu.org\/wp-content\/uploads\/2021\/02\/2017-10-15-Dostih-Midland-vysledky.pdf\">2017-10-15-Dostih-Midland-vysledky<\/a><a href=\"https:\/\/www.wgaeu.org\/wp-content\/uploads\/2021\/02\/2017-10-15-Dostih-Midland-vysledky.pdf\" class=\"wp-block-file__button\" download>St\u00e1hnout<\/a><\/div>\n","protected":false},"excerpt":{"rendered":"<p>2017-10-15 WRV Midland Lelystad NL Zpr\u00e1va o po\u0159\u00e1d\u00e1n\u00ed WGA dostihu Netherlands Derby, WEIGHT RACE , MIDLAND OCTOBER 15th, 2017This year&#8217;s last derby. It follows in the footsteps of the European Derby in Awans, the Belgian Derby in Beringen, and the Swiss and Italian Derbys in Lostallo. Come and support weight racing. A friendly atmosphere, fair [&hellip;]<\/p>\n","protected":false},"author":1,"featured_media":0,"parent":0,"menu_order":0,"comment_status":"closed","ping_status":"closed","template":"","meta":{"footnotes":""},"class_list":["post-329","page","type-page","status-publish","hentry"],"yoast_head":"<!-- This site is optimized with the Yoast SEO plugin v27.5 - https:\/\/yoast.com\/product\/yoast-seo-wordpress\/ -->\n<title>WGA DOSTIH MIDLAND - WGA<\/title>\n<meta name=\"robots\" content=\"index, follow, max-snippet:-1, max-image-preview:large, max-video-preview:-1\" \/>\n<link rel=\"canonical\" href=\"https:\/\/www.wgaeu.org\/index.php\/dostih-wrv-midland-lelystad\/\" \/>\n<meta property=\"og:locale\" content=\"cs_CZ\" \/>\n<meta property=\"og:type\" content=\"article\" \/>\n<meta property=\"og:title\" content=\"WGA DOSTIH MIDLAND - WGA\" \/>\n<meta property=\"og:description\" content=\"2017-10-15 WRV Midland Lelystad NL Zpr\u00e1va o po\u0159\u00e1d\u00e1n\u00ed WGA dostihu Netherlands Derby, WEIGHT RACE , MIDLAND OCTOBER 15th, 2017This year&#8217;s last derby. It follows in the footsteps of the European Derby in Awans, the Belgian Derby in Beringen, and the Swiss and Italian Derbys in Lostallo. Come and support weight racing. A friendly atmosphere, fair [&hellip;]\" \/>\n<meta property=\"og:url\" content=\"https:\/\/www.wgaeu.org\/index.php\/dostih-wrv-midland-lelystad\/\" \/>\n<meta property=\"og:site_name\" content=\"WGA\" \/>\n<meta property=\"article:modified_time\" content=\"2021-02-11T15:11:34+00:00\" \/>\n<meta property=\"og:image\" content=\"https:\/\/www.wgaeu.org\/wp-content\/uploads\/2021\/02\/Holandsko-zprava.png\" \/>\n\t<meta property=\"og:image:width\" content=\"540\" \/>\n\t<meta property=\"og:image:height\" content=\"960\" \/>\n\t<meta property=\"og:image:type\" content=\"image\/png\" \/>\n<meta name=\"twitter:card\" content=\"summary_large_image\" \/>\n<meta name=\"twitter:label1\" content=\"Odhadovan\u00e1 doba \u010dten\u00ed\" \/>\n\t<meta name=\"twitter:data1\" content=\"3 minuty\" \/>\n<script type=\"application\/ld+json\" class=\"yoast-schema-graph\">{\"@context\":\"https:\\\/\\\/schema.org\",\"@graph\":[{\"@type\":\"WebPage\",\"@id\":\"https:\\\/\\\/www.wgaeu.org\\\/index.php\\\/dostih-wrv-midland-lelystad\\\/\",\"url\":\"https:\\\/\\\/www.wgaeu.org\\\/index.php\\\/dostih-wrv-midland-lelystad\\\/\",\"name\":\"WGA DOSTIH MIDLAND - WGA\",\"isPartOf\":{\"@id\":\"https:\\\/\\\/www.wgaeu.org\\\/#website\"},\"primaryImageOfPage\":{\"@id\":\"https:\\\/\\\/www.wgaeu.org\\\/index.php\\\/dostih-wrv-midland-lelystad\\\/#primaryimage\"},\"image\":{\"@id\":\"https:\\\/\\\/www.wgaeu.org\\\/index.php\\\/dostih-wrv-midland-lelystad\\\/#primaryimage\"},\"thumbnailUrl\":\"https:\\\/\\\/www.wgaeu.org\\\/wp-content\\\/uploads\\\/2021\\\/02\\\/Holandsko-zprava.png\",\"datePublished\":\"2021-02-09T19:01:33+00:00\",\"dateModified\":\"2021-02-11T15:11:34+00:00\",\"breadcrumb\":{\"@id\":\"https:\\\/\\\/www.wgaeu.org\\\/index.php\\\/dostih-wrv-midland-lelystad\\\/#breadcrumb\"},\"inLanguage\":\"cs\",\"potentialAction\":[{\"@type\":\"ReadAction\",\"target\":[\"https:\\\/\\\/www.wgaeu.org\\\/index.php\\\/dostih-wrv-midland-lelystad\\\/\"]}]},{\"@type\":\"ImageObject\",\"inLanguage\":\"cs\",\"@id\":\"https:\\\/\\\/www.wgaeu.org\\\/index.php\\\/dostih-wrv-midland-lelystad\\\/#primaryimage\",\"url\":\"https:\\\/\\\/www.wgaeu.org\\\/wp-content\\\/uploads\\\/2021\\\/02\\\/Holandsko-zprava.png\",\"contentUrl\":\"https:\\\/\\\/www.wgaeu.org\\\/wp-content\\\/uploads\\\/2021\\\/02\\\/Holandsko-zprava.png\",\"width\":540,\"height\":960},{\"@type\":\"BreadcrumbList\",\"@id\":\"https:\\\/\\\/www.wgaeu.org\\\/index.php\\\/dostih-wrv-midland-lelystad\\\/#breadcrumb\",\"itemListElement\":[{\"@type\":\"ListItem\",\"position\":1,\"name\":\"Dom\u016f\",\"item\":\"https:\\\/\\\/www.wgaeu.org\\\/\"},{\"@type\":\"ListItem\",\"position\":2,\"name\":\"WGA DOSTIH MIDLAND\"}]},{\"@type\":\"WebSite\",\"@id\":\"https:\\\/\\\/www.wgaeu.org\\\/#website\",\"url\":\"https:\\\/\\\/www.wgaeu.org\\\/\",\"name\":\"WGA\",\"description\":\"b\u011bh\u00e1n\u00ed na v\u00e1hu\",\"publisher\":{\"@id\":\"https:\\\/\\\/www.wgaeu.org\\\/#organization\"},\"potentialAction\":[{\"@type\":\"SearchAction\",\"target\":{\"@type\":\"EntryPoint\",\"urlTemplate\":\"https:\\\/\\\/www.wgaeu.org\\\/?s={search_term_string}\"},\"query-input\":{\"@type\":\"PropertyValueSpecification\",\"valueRequired\":true,\"valueName\":\"search_term_string\"}}],\"inLanguage\":\"cs\"},{\"@type\":\"Organization\",\"@id\":\"https:\\\/\\\/www.wgaeu.org\\\/#organization\",\"name\":\"WGA z.s.\",\"url\":\"https:\\\/\\\/www.wgaeu.org\\\/\",\"logo\":{\"@type\":\"ImageObject\",\"inLanguage\":\"cs\",\"@id\":\"https:\\\/\\\/www.wgaeu.org\\\/#\\\/schema\\\/logo\\\/image\\\/\",\"url\":\"https:\\\/\\\/www.wgaeu.org\\\/wp-content\\\/uploads\\\/2021\\\/02\\\/cropped-Grey1-1-e1612471904868.jpg\",\"contentUrl\":\"https:\\\/\\\/www.wgaeu.org\\\/wp-content\\\/uploads\\\/2021\\\/02\\\/cropped-Grey1-1-e1612471904868.jpg\",\"width\":940,\"height\":282,\"caption\":\"WGA z.s.\"},\"image\":{\"@id\":\"https:\\\/\\\/www.wgaeu.org\\\/#\\\/schema\\\/logo\\\/image\\\/\"}}]}<\/script>\n<!-- \/ Yoast SEO plugin. -->","yoast_head_json":{"title":"WGA DOSTIH MIDLAND - WGA","robots":{"index":"index","follow":"follow","max-snippet":"max-snippet:-1","max-image-preview":"max-image-preview:large","max-video-preview":"max-video-preview:-1"},"canonical":"https:\/\/www.wgaeu.org\/index.php\/dostih-wrv-midland-lelystad\/","og_locale":"cs_CZ","og_type":"article","og_title":"WGA DOSTIH MIDLAND - WGA","og_description":"2017-10-15 WRV Midland Lelystad NL Zpr\u00e1va o po\u0159\u00e1d\u00e1n\u00ed WGA dostihu Netherlands Derby, WEIGHT RACE , MIDLAND OCTOBER 15th, 2017This year&#8217;s last derby. It follows in the footsteps of the European Derby in Awans, the Belgian Derby in Beringen, and the Swiss and Italian Derbys in Lostallo. Come and support weight racing. A friendly atmosphere, fair [&hellip;]","og_url":"https:\/\/www.wgaeu.org\/index.php\/dostih-wrv-midland-lelystad\/","og_site_name":"WGA","article_modified_time":"2021-02-11T15:11:34+00:00","og_image":[{"width":540,"height":960,"url":"https:\/\/www.wgaeu.org\/wp-content\/uploads\/2021\/02\/Holandsko-zprava.png","type":"image\/png"}],"twitter_card":"summary_large_image","twitter_misc":{"Odhadovan\u00e1 doba \u010dten\u00ed":"3 minuty"},"schema":{"@context":"https:\/\/schema.org","@graph":[{"@type":"WebPage","@id":"https:\/\/www.wgaeu.org\/index.php\/dostih-wrv-midland-lelystad\/","url":"https:\/\/www.wgaeu.org\/index.php\/dostih-wrv-midland-lelystad\/","name":"WGA DOSTIH MIDLAND - WGA","isPartOf":{"@id":"https:\/\/www.wgaeu.org\/#website"},"primaryImageOfPage":{"@id":"https:\/\/www.wgaeu.org\/index.php\/dostih-wrv-midland-lelystad\/#primaryimage"},"image":{"@id":"https:\/\/www.wgaeu.org\/index.php\/dostih-wrv-midland-lelystad\/#primaryimage"},"thumbnailUrl":"https:\/\/www.wgaeu.org\/wp-content\/uploads\/2021\/02\/Holandsko-zprava.png","datePublished":"2021-02-09T19:01:33+00:00","dateModified":"2021-02-11T15:11:34+00:00","breadcrumb":{"@id":"https:\/\/www.wgaeu.org\/index.php\/dostih-wrv-midland-lelystad\/#breadcrumb"},"inLanguage":"cs","potentialAction":[{"@type":"ReadAction","target":["https:\/\/www.wgaeu.org\/index.php\/dostih-wrv-midland-lelystad\/"]}]},{"@type":"ImageObject","inLanguage":"cs","@id":"https:\/\/www.wgaeu.org\/index.php\/dostih-wrv-midland-lelystad\/#primaryimage","url":"https:\/\/www.wgaeu.org\/wp-content\/uploads\/2021\/02\/Holandsko-zprava.png","contentUrl":"https:\/\/www.wgaeu.org\/wp-content\/uploads\/2021\/02\/Holandsko-zprava.png","width":540,"height":960},{"@type":"BreadcrumbList","@id":"https:\/\/www.wgaeu.org\/index.php\/dostih-wrv-midland-lelystad\/#breadcrumb","itemListElement":[{"@type":"ListItem","position":1,"name":"Dom\u016f","item":"https:\/\/www.wgaeu.org\/"},{"@type":"ListItem","position":2,"name":"WGA DOSTIH MIDLAND"}]},{"@type":"WebSite","@id":"https:\/\/www.wgaeu.org\/#website","url":"https:\/\/www.wgaeu.org\/","name":"WGA","description":"b\u011bh\u00e1n\u00ed na v\u00e1hu","publisher":{"@id":"https:\/\/www.wgaeu.org\/#organization"},"potentialAction":[{"@type":"SearchAction","target":{"@type":"EntryPoint","urlTemplate":"https:\/\/www.wgaeu.org\/?s={search_term_string}"},"query-input":{"@type":"PropertyValueSpecification","valueRequired":true,"valueName":"search_term_string"}}],"inLanguage":"cs"},{"@type":"Organization","@id":"https:\/\/www.wgaeu.org\/#organization","name":"WGA z.s.","url":"https:\/\/www.wgaeu.org\/","logo":{"@type":"ImageObject","inLanguage":"cs","@id":"https:\/\/www.wgaeu.org\/#\/schema\/logo\/image\/","url":"https:\/\/www.wgaeu.org\/wp-content\/uploads\/2021\/02\/cropped-Grey1-1-e1612471904868.jpg","contentUrl":"https:\/\/www.wgaeu.org\/wp-content\/uploads\/2021\/02\/cropped-Grey1-1-e1612471904868.jpg","width":940,"height":282,"caption":"WGA z.s."},"image":{"@id":"https:\/\/www.wgaeu.org\/#\/schema\/logo\/image\/"}}]}},"_links":{"self":[{"href":"https:\/\/www.wgaeu.org\/index.php\/wp-json\/wp\/v2\/pages\/329","targetHints":{"allow":["GET"]}}],"collection":[{"href":"https:\/\/www.wgaeu.org\/index.php\/wp-json\/wp\/v2\/pages"}],"about":[{"href":"https:\/\/www.wgaeu.org\/index.php\/wp-json\/wp\/v2\/types\/page"}],"author":[{"embeddable":true,"href":"https:\/\/www.wgaeu.org\/index.php\/wp-json\/wp\/v2\/users\/1"}],"replies":[{"embeddable":true,"href":"https:\/\/www.wgaeu.org\/index.php\/wp-json\/wp\/v2\/comments?post=329"}],"version-history":[{"count":0,"href":"https:\/\/www.wgaeu.org\/index.php\/wp-json\/wp\/v2\/pages\/329\/revisions"}],"wp:attachment":[{"href":"https:\/\/www.wgaeu.org\/index.php\/wp-json\/wp\/v2\/media?parent=329"}],"curies":[{"name":"wp","href":"https:\/\/api.w.org\/{rel}","templated":true}]}}