{"id":317,"date":"2021-02-09T18:56:18","date_gmt":"2021-02-09T18:56:18","guid":{"rendered":"http:\/\/www.wgaeu.org\/?page_id=317"},"modified":"2021-02-11T14:10:52","modified_gmt":"2021-02-11T14:10:52","slug":"dostih-alsonomedi","status":"publish","type":"page","link":"https:\/\/www.wgaeu.org\/index.php\/dostih-alsonomedi\/","title":{"rendered":"WGA DOSTIH ALS\u00d3N\u00c9MEDI"},"content":{"rendered":"<p>2016-09-24 WGA dostih Alsonomedi<\/p>\n\n\n<hr class=\"wp-block-separator is-style-wide\"\/>\n\n\n<p>V\u00e1\u017een\u00ed \u00fa\u010dastn\u00edci,<br>dovolte mi V\u00e1s p\u0159iv\u00edtat na prvn\u00edm z\u00e1vod\u011b WGA. P\u016fvodn\u011b jsme v&nbsp;leto\u0161n\u00edm roce se z\u00e1vody nepo\u010d\u00edtali, ale d\u00edky na\u0161im ma\u010farsk\u00fdm p\u0159\u00e1tel\u016fm m\u00e1me si mo\u017enost v\u0161e odzkou\u0161et, sladit t\u00fdm a stanovit optim\u00e1ln\u00ed podm\u00ednky.<\/p>\n<p>Jsme r\u00e1di, \u017ee jste n\u00e1m dali d\u016fv\u011bru a douf\u00e1m, \u017ee si v\u0161e kr\u00e1sn\u011b u\u017eijeme bez zbyte\u010dn\u00fdch emoc\u00ed. P\u0159eji v\u0161em p\u011bkn\u00fd z\u00e1\u017eitek a ps\u016fm spokojen\u00e9 b\u011bh\u00e1n\u00ed ve zdrav\u00ed. V&nbsp;p\u0159\u00edpad\u011b dotazu nev\u00e1hejte a oslovte m\u011b, jsme tu dnes pouze pro V\u00e1s.<\/p>\n<p>V\u00e1clav Holoch, prezident WGA<\/p>\n\n\n<hr class=\"wp-block-separator is-style-wide\"\/>\n\n\n<p><strong>Datum kon\u00e1n\u00ed:<\/strong> 24. 9. 2016<br \/><strong>Po\u0159adatel:<\/strong> WGA, MAVE, CGWF<br \/><strong>M\u00edsto kon\u00e1n\u00ed:<\/strong> Dostihov\u00e1 dr\u00e1ha Agarpark Als\u00f3nem\u00e9di, Ma\u010farsko,<br \/><strong>Adresa:<\/strong> F\u0151\u00fati erd\u0151 11, Als\u00f3nem\u00e9di 2351<br \/><strong>GPS:<\/strong> 47\u00b017\u00b429.7\u00b4\u00b4N, 19\u00b011\u00b403.2\u00b4\u00b4E<\/p>\n<p>V\u00e1hov\u00fd dostih pro Italsk\u00e9 chrt\u00edky a vipety, open bodovac\u00ed dostih pro ostatn\u00ed plemena sk.X. a vyjmenovan\u00e1 plemena sk.V. (Basenji, Pharaoh Hound, Podenco Ibizengo, Podenco Canaro, Podenco Portugues, Podenco Andaluz, Kritikos Lagonikos, Chortaja Borzaja, Silken Windsprite-LHW, Taigan)<\/p>\n<p><strong>Sponzo\u0159i:<\/strong> DG DogGear, Husse Czech Republic<br \/><strong>Vedouc\u00ed dostihu:<\/strong> V\u00e1clav Holoch<br \/><strong>Kancel\u00e1\u0159:<\/strong> MAVE, CGWF, Terka Markov\u00e1<br \/><strong>Technick\u00e9 zabezpe\u010den\u00ed, kant\u00fdna:<\/strong> MAVE Als\u00f3nem\u00e9di Agarpark<\/p>\n<p><strong>Podm\u00ednka \u00fa\u010dasti:<\/strong> platn\u00e1 jak\u00e1koliv dostihov\u00e1 licence nebo tr\u00e9ninkov\u00e1 karta s minim\u00e1ln\u011b 2 spln\u011bn\u00fdmi spole\u010dn\u00fdmi b\u011bhy. Dosa\u017een\u00fd minim\u00e1ln\u00ed v\u011bk, ital\u0161t\u00ed chrt\u00edci a vipeti 15 m\u011bs\u00edc\u016f, ostatn\u00ed plemena 18 m\u011bs\u00edc\u016f.<\/p>\n<p><strong>P\u0159ej\u00edmka:<\/strong> 7,30-9,30 hodin<br \/>P\u0159ej\u00edmka za\u010d\u00edn\u00e1 veterin\u00e1rn\u00ed kontrolou, po kter\u00e9 n\u00e1sleduje v\u00e1\u017een\u00ed psa v klidn\u00e9m postoji bez obojku \u010di postroje. Pot\u00e9 n\u00e1sleduje zaplacen\u00ed startovn\u00e9ho.<\/p>\n<p><strong>Za\u010d\u00e1tek dostihu:<\/strong> 10:00<\/p>\n<p><strong>Parametry dr\u00e1hy:<\/strong> Ital\u0161t\u00ed chrt\u00edci, whippeti, ostatn\u00ed mal\u00e1 plemena \u2013 370 m, senio\u0159i \u2013 280 m, ostatn\u00ed plemena 480m, p\u00edskov\u00e1 dr\u00e1ha s vnit\u0159n\u00edm nekone\u010dn\u00fdm zaj\u00edcem &#8222;Schultz system&#8220;, video\u010dasom\u00edra, klopen\u00e9 zat\u00e1\u010dky<\/p>\n<p><strong>Dostihov\u00fd \u0159\u00e1d:<\/strong> Plat\u00ed ustanoven\u00ed DaC \u0159\u00e1du FCI s v\u00fdjimkou dot\u010den\u00fdch ustanoven\u00ed dan\u00fdch syst\u00e9mem b\u011bh\u00e1n\u00ed na v\u00e1hov\u00e9 kategorie a syst\u00e9mem oce\u0148ov\u00e1n\u00ed WGA. V p\u0159\u00edpad\u011b sporu je rozhodn\u00e9 stanovisko vedouc\u00edho z\u00e1vodu.<\/p>\n<p><strong>Postup:<\/strong> Ital\u0161t\u00ed chrt\u00edci a whippeti startuj\u00ed ve v\u00e1hov\u00fdch kategori\u00edch, postup podle \u010das\u016f, greyhoundi a magyar ag\u00e1\u0159i anglick\u00fd syst\u00e9m 1 b\u011bh, ko\u0161\u00edk pro italsk\u00e9 chrt\u00edky nen\u00ed povinn\u00fd. Pokud nen\u00ed v kategorii napln\u011bn po\u010det 6 ps\u016f jednoho pohlav\u00ed a nejm\u00e9n\u011b 3 ps\u016f druh\u00e9ho pohlav\u00ed, b\u011b\u017e\u00ed se mix.<\/p>\n<p><strong>Startovn\u00e9:<\/strong> 17 Euro, 5300 HUF<\/p>\n\n\n<hr class=\"wp-block-separator is-style-wide\"\/>\n\n\n\n<figure class=\"wp-block-image size-large\"><img loading=\"lazy\" decoding=\"async\" width=\"1024\" height=\"484\" src=\"https:\/\/www.wgaeu.org\/wp-content\/uploads\/2021\/02\/2016-09-24-Dostih-Pozvanka-cz-1024x484.jpg\" alt=\"\" class=\"wp-image-1568\" srcset=\"https:\/\/www.wgaeu.org\/wp-content\/uploads\/2021\/02\/2016-09-24-Dostih-Pozvanka-cz-1024x484.jpg 1024w, https:\/\/www.wgaeu.org\/wp-content\/uploads\/2021\/02\/2016-09-24-Dostih-Pozvanka-cz-300x142.jpg 300w, https:\/\/www.wgaeu.org\/wp-content\/uploads\/2021\/02\/2016-09-24-Dostih-Pozvanka-cz-768x363.jpg 768w, https:\/\/www.wgaeu.org\/wp-content\/uploads\/2021\/02\/2016-09-24-Dostih-Pozvanka-cz-1536x726.jpg 1536w, https:\/\/www.wgaeu.org\/wp-content\/uploads\/2021\/02\/2016-09-24-Dostih-Pozvanka-cz-2048x967.jpg 2048w\" sizes=\"auto, (max-width: 1024px) 100vw, 1024px\" \/><\/figure>\n\n\n\n<hr class=\"wp-block-separator is-style-wide\"\/>\n\n\n\n<figure class=\"wp-block-image size-large\"><img loading=\"lazy\" decoding=\"async\" width=\"1024\" height=\"484\" src=\"https:\/\/www.wgaeu.org\/wp-content\/uploads\/2021\/02\/2016-09-24-Dostih-Pozvanka-an-1024x484.jpg\" alt=\"\" class=\"wp-image-1569\" srcset=\"https:\/\/www.wgaeu.org\/wp-content\/uploads\/2021\/02\/2016-09-24-Dostih-Pozvanka-an-1024x484.jpg 1024w, https:\/\/www.wgaeu.org\/wp-content\/uploads\/2021\/02\/2016-09-24-Dostih-Pozvanka-an-300x142.jpg 300w, https:\/\/www.wgaeu.org\/wp-content\/uploads\/2021\/02\/2016-09-24-Dostih-Pozvanka-an-768x363.jpg 768w, https:\/\/www.wgaeu.org\/wp-content\/uploads\/2021\/02\/2016-09-24-Dostih-Pozvanka-an-1536x726.jpg 1536w, https:\/\/www.wgaeu.org\/wp-content\/uploads\/2021\/02\/2016-09-24-Dostih-Pozvanka-an-2048x967.jpg 2048w\" sizes=\"auto, (max-width: 1024px) 100vw, 1024px\" \/><\/figure>\n","protected":false},"excerpt":{"rendered":"<p>2016-09-24 WGA dostih Alsonomedi V\u00e1\u017een\u00ed \u00fa\u010dastn\u00edci,dovolte mi V\u00e1s p\u0159iv\u00edtat na prvn\u00edm z\u00e1vod\u011b WGA. P\u016fvodn\u011b jsme v&nbsp;leto\u0161n\u00edm roce se z\u00e1vody nepo\u010d\u00edtali, ale d\u00edky na\u0161im ma\u010farsk\u00fdm p\u0159\u00e1tel\u016fm m\u00e1me si mo\u017enost v\u0161e odzkou\u0161et, sladit t\u00fdm a stanovit optim\u00e1ln\u00ed podm\u00ednky. Jsme r\u00e1di, \u017ee jste n\u00e1m dali d\u016fv\u011bru a douf\u00e1m, \u017ee si v\u0161e kr\u00e1sn\u011b u\u017eijeme bez zbyte\u010dn\u00fdch emoc\u00ed. P\u0159eji v\u0161em [&hellip;]<\/p>\n","protected":false},"author":1,"featured_media":0,"parent":0,"menu_order":0,"comment_status":"closed","ping_status":"closed","template":"","meta":{"footnotes":""},"class_list":["post-317","page","type-page","status-publish","hentry"],"yoast_head":"<!-- This site is optimized with the Yoast SEO plugin v27.4 - https:\/\/yoast.com\/product\/yoast-seo-wordpress\/ -->\n<title>WGA DOSTIH ALS\u00d3N\u00c9MEDI - WGA<\/title>\n<meta name=\"robots\" content=\"index, follow, max-snippet:-1, max-image-preview:large, max-video-preview:-1\" \/>\n<link rel=\"canonical\" href=\"https:\/\/www.wgaeu.org\/index.php\/dostih-alsonomedi\/\" \/>\n<meta property=\"og:locale\" content=\"cs_CZ\" \/>\n<meta property=\"og:type\" content=\"article\" \/>\n<meta property=\"og:title\" content=\"WGA DOSTIH ALS\u00d3N\u00c9MEDI - WGA\" \/>\n<meta property=\"og:description\" content=\"2016-09-24 WGA dostih Alsonomedi V\u00e1\u017een\u00ed \u00fa\u010dastn\u00edci,dovolte mi V\u00e1s p\u0159iv\u00edtat na prvn\u00edm z\u00e1vod\u011b WGA. P\u016fvodn\u011b jsme v&nbsp;leto\u0161n\u00edm roce se z\u00e1vody nepo\u010d\u00edtali, ale d\u00edky na\u0161im ma\u010farsk\u00fdm p\u0159\u00e1tel\u016fm m\u00e1me si mo\u017enost v\u0161e odzkou\u0161et, sladit t\u00fdm a stanovit optim\u00e1ln\u00ed podm\u00ednky. Jsme r\u00e1di, \u017ee jste n\u00e1m dali d\u016fv\u011bru a douf\u00e1m, \u017ee si v\u0161e kr\u00e1sn\u011b u\u017eijeme bez zbyte\u010dn\u00fdch emoc\u00ed. P\u0159eji v\u0161em [&hellip;]\" \/>\n<meta property=\"og:url\" content=\"https:\/\/www.wgaeu.org\/index.php\/dostih-alsonomedi\/\" \/>\n<meta property=\"og:site_name\" content=\"WGA\" \/>\n<meta property=\"article:modified_time\" content=\"2021-02-11T14:10:52+00:00\" \/>\n<meta property=\"og:image\" content=\"https:\/\/www.wgaeu.org\/wp-content\/uploads\/2021\/02\/2016-09-24-Dostih-Pozvanka-cz.jpg\" \/>\n\t<meta property=\"og:image:width\" content=\"2500\" \/>\n\t<meta property=\"og:image:height\" content=\"1181\" \/>\n\t<meta property=\"og:image:type\" content=\"image\/jpeg\" \/>\n<meta name=\"twitter:card\" content=\"summary_large_image\" \/>\n<meta name=\"twitter:label1\" content=\"Odhadovan\u00e1 doba \u010dten\u00ed\" \/>\n\t<meta name=\"twitter:data1\" content=\"2 minuty\" \/>\n<script type=\"application\/ld+json\" class=\"yoast-schema-graph\">{\"@context\":\"https:\\\/\\\/schema.org\",\"@graph\":[{\"@type\":\"WebPage\",\"@id\":\"https:\\\/\\\/www.wgaeu.org\\\/index.php\\\/dostih-alsonomedi\\\/\",\"url\":\"https:\\\/\\\/www.wgaeu.org\\\/index.php\\\/dostih-alsonomedi\\\/\",\"name\":\"WGA DOSTIH ALS\u00d3N\u00c9MEDI - WGA\",\"isPartOf\":{\"@id\":\"https:\\\/\\\/www.wgaeu.org\\\/#website\"},\"primaryImageOfPage\":{\"@id\":\"https:\\\/\\\/www.wgaeu.org\\\/index.php\\\/dostih-alsonomedi\\\/#primaryimage\"},\"image\":{\"@id\":\"https:\\\/\\\/www.wgaeu.org\\\/index.php\\\/dostih-alsonomedi\\\/#primaryimage\"},\"thumbnailUrl\":\"https:\\\/\\\/www.wgaeu.org\\\/wp-content\\\/uploads\\\/2021\\\/02\\\/2016-09-24-Dostih-Pozvanka-cz-1024x484.jpg\",\"datePublished\":\"2021-02-09T18:56:18+00:00\",\"dateModified\":\"2021-02-11T14:10:52+00:00\",\"breadcrumb\":{\"@id\":\"https:\\\/\\\/www.wgaeu.org\\\/index.php\\\/dostih-alsonomedi\\\/#breadcrumb\"},\"inLanguage\":\"cs\",\"potentialAction\":[{\"@type\":\"ReadAction\",\"target\":[\"https:\\\/\\\/www.wgaeu.org\\\/index.php\\\/dostih-alsonomedi\\\/\"]}]},{\"@type\":\"ImageObject\",\"inLanguage\":\"cs\",\"@id\":\"https:\\\/\\\/www.wgaeu.org\\\/index.php\\\/dostih-alsonomedi\\\/#primaryimage\",\"url\":\"https:\\\/\\\/www.wgaeu.org\\\/wp-content\\\/uploads\\\/2021\\\/02\\\/2016-09-24-Dostih-Pozvanka-cz.jpg\",\"contentUrl\":\"https:\\\/\\\/www.wgaeu.org\\\/wp-content\\\/uploads\\\/2021\\\/02\\\/2016-09-24-Dostih-Pozvanka-cz.jpg\",\"width\":2500,\"height\":1181},{\"@type\":\"BreadcrumbList\",\"@id\":\"https:\\\/\\\/www.wgaeu.org\\\/index.php\\\/dostih-alsonomedi\\\/#breadcrumb\",\"itemListElement\":[{\"@type\":\"ListItem\",\"position\":1,\"name\":\"Dom\u016f\",\"item\":\"https:\\\/\\\/www.wgaeu.org\\\/\"},{\"@type\":\"ListItem\",\"position\":2,\"name\":\"WGA DOSTIH ALS\u00d3N\u00c9MEDI\"}]},{\"@type\":\"WebSite\",\"@id\":\"https:\\\/\\\/www.wgaeu.org\\\/#website\",\"url\":\"https:\\\/\\\/www.wgaeu.org\\\/\",\"name\":\"WGA\",\"description\":\"b\u011bh\u00e1n\u00ed na v\u00e1hu\",\"publisher\":{\"@id\":\"https:\\\/\\\/www.wgaeu.org\\\/#organization\"},\"potentialAction\":[{\"@type\":\"SearchAction\",\"target\":{\"@type\":\"EntryPoint\",\"urlTemplate\":\"https:\\\/\\\/www.wgaeu.org\\\/?s={search_term_string}\"},\"query-input\":{\"@type\":\"PropertyValueSpecification\",\"valueRequired\":true,\"valueName\":\"search_term_string\"}}],\"inLanguage\":\"cs\"},{\"@type\":\"Organization\",\"@id\":\"https:\\\/\\\/www.wgaeu.org\\\/#organization\",\"name\":\"WGA z.s.\",\"url\":\"https:\\\/\\\/www.wgaeu.org\\\/\",\"logo\":{\"@type\":\"ImageObject\",\"inLanguage\":\"cs\",\"@id\":\"https:\\\/\\\/www.wgaeu.org\\\/#\\\/schema\\\/logo\\\/image\\\/\",\"url\":\"https:\\\/\\\/www.wgaeu.org\\\/wp-content\\\/uploads\\\/2021\\\/02\\\/cropped-Grey1-1-e1612471904868.jpg\",\"contentUrl\":\"https:\\\/\\\/www.wgaeu.org\\\/wp-content\\\/uploads\\\/2021\\\/02\\\/cropped-Grey1-1-e1612471904868.jpg\",\"width\":940,\"height\":282,\"caption\":\"WGA z.s.\"},\"image\":{\"@id\":\"https:\\\/\\\/www.wgaeu.org\\\/#\\\/schema\\\/logo\\\/image\\\/\"}}]}<\/script>\n<!-- \/ Yoast SEO plugin. -->","yoast_head_json":{"title":"WGA DOSTIH ALS\u00d3N\u00c9MEDI - WGA","robots":{"index":"index","follow":"follow","max-snippet":"max-snippet:-1","max-image-preview":"max-image-preview:large","max-video-preview":"max-video-preview:-1"},"canonical":"https:\/\/www.wgaeu.org\/index.php\/dostih-alsonomedi\/","og_locale":"cs_CZ","og_type":"article","og_title":"WGA DOSTIH ALS\u00d3N\u00c9MEDI - WGA","og_description":"2016-09-24 WGA dostih Alsonomedi V\u00e1\u017een\u00ed \u00fa\u010dastn\u00edci,dovolte mi V\u00e1s p\u0159iv\u00edtat na prvn\u00edm z\u00e1vod\u011b WGA. P\u016fvodn\u011b jsme v&nbsp;leto\u0161n\u00edm roce se z\u00e1vody nepo\u010d\u00edtali, ale d\u00edky na\u0161im ma\u010farsk\u00fdm p\u0159\u00e1tel\u016fm m\u00e1me si mo\u017enost v\u0161e odzkou\u0161et, sladit t\u00fdm a stanovit optim\u00e1ln\u00ed podm\u00ednky. Jsme r\u00e1di, \u017ee jste n\u00e1m dali d\u016fv\u011bru a douf\u00e1m, \u017ee si v\u0161e kr\u00e1sn\u011b u\u017eijeme bez zbyte\u010dn\u00fdch emoc\u00ed. P\u0159eji v\u0161em [&hellip;]","og_url":"https:\/\/www.wgaeu.org\/index.php\/dostih-alsonomedi\/","og_site_name":"WGA","article_modified_time":"2021-02-11T14:10:52+00:00","og_image":[{"width":2500,"height":1181,"url":"https:\/\/www.wgaeu.org\/wp-content\/uploads\/2021\/02\/2016-09-24-Dostih-Pozvanka-cz.jpg","type":"image\/jpeg"}],"twitter_card":"summary_large_image","twitter_misc":{"Odhadovan\u00e1 doba \u010dten\u00ed":"2 minuty"},"schema":{"@context":"https:\/\/schema.org","@graph":[{"@type":"WebPage","@id":"https:\/\/www.wgaeu.org\/index.php\/dostih-alsonomedi\/","url":"https:\/\/www.wgaeu.org\/index.php\/dostih-alsonomedi\/","name":"WGA DOSTIH ALS\u00d3N\u00c9MEDI - WGA","isPartOf":{"@id":"https:\/\/www.wgaeu.org\/#website"},"primaryImageOfPage":{"@id":"https:\/\/www.wgaeu.org\/index.php\/dostih-alsonomedi\/#primaryimage"},"image":{"@id":"https:\/\/www.wgaeu.org\/index.php\/dostih-alsonomedi\/#primaryimage"},"thumbnailUrl":"https:\/\/www.wgaeu.org\/wp-content\/uploads\/2021\/02\/2016-09-24-Dostih-Pozvanka-cz-1024x484.jpg","datePublished":"2021-02-09T18:56:18+00:00","dateModified":"2021-02-11T14:10:52+00:00","breadcrumb":{"@id":"https:\/\/www.wgaeu.org\/index.php\/dostih-alsonomedi\/#breadcrumb"},"inLanguage":"cs","potentialAction":[{"@type":"ReadAction","target":["https:\/\/www.wgaeu.org\/index.php\/dostih-alsonomedi\/"]}]},{"@type":"ImageObject","inLanguage":"cs","@id":"https:\/\/www.wgaeu.org\/index.php\/dostih-alsonomedi\/#primaryimage","url":"https:\/\/www.wgaeu.org\/wp-content\/uploads\/2021\/02\/2016-09-24-Dostih-Pozvanka-cz.jpg","contentUrl":"https:\/\/www.wgaeu.org\/wp-content\/uploads\/2021\/02\/2016-09-24-Dostih-Pozvanka-cz.jpg","width":2500,"height":1181},{"@type":"BreadcrumbList","@id":"https:\/\/www.wgaeu.org\/index.php\/dostih-alsonomedi\/#breadcrumb","itemListElement":[{"@type":"ListItem","position":1,"name":"Dom\u016f","item":"https:\/\/www.wgaeu.org\/"},{"@type":"ListItem","position":2,"name":"WGA DOSTIH ALS\u00d3N\u00c9MEDI"}]},{"@type":"WebSite","@id":"https:\/\/www.wgaeu.org\/#website","url":"https:\/\/www.wgaeu.org\/","name":"WGA","description":"b\u011bh\u00e1n\u00ed na v\u00e1hu","publisher":{"@id":"https:\/\/www.wgaeu.org\/#organization"},"potentialAction":[{"@type":"SearchAction","target":{"@type":"EntryPoint","urlTemplate":"https:\/\/www.wgaeu.org\/?s={search_term_string}"},"query-input":{"@type":"PropertyValueSpecification","valueRequired":true,"valueName":"search_term_string"}}],"inLanguage":"cs"},{"@type":"Organization","@id":"https:\/\/www.wgaeu.org\/#organization","name":"WGA z.s.","url":"https:\/\/www.wgaeu.org\/","logo":{"@type":"ImageObject","inLanguage":"cs","@id":"https:\/\/www.wgaeu.org\/#\/schema\/logo\/image\/","url":"https:\/\/www.wgaeu.org\/wp-content\/uploads\/2021\/02\/cropped-Grey1-1-e1612471904868.jpg","contentUrl":"https:\/\/www.wgaeu.org\/wp-content\/uploads\/2021\/02\/cropped-Grey1-1-e1612471904868.jpg","width":940,"height":282,"caption":"WGA z.s."},"image":{"@id":"https:\/\/www.wgaeu.org\/#\/schema\/logo\/image\/"}}]}},"_links":{"self":[{"href":"https:\/\/www.wgaeu.org\/index.php\/wp-json\/wp\/v2\/pages\/317","targetHints":{"allow":["GET"]}}],"collection":[{"href":"https:\/\/www.wgaeu.org\/index.php\/wp-json\/wp\/v2\/pages"}],"about":[{"href":"https:\/\/www.wgaeu.org\/index.php\/wp-json\/wp\/v2\/types\/page"}],"author":[{"embeddable":true,"href":"https:\/\/www.wgaeu.org\/index.php\/wp-json\/wp\/v2\/users\/1"}],"replies":[{"embeddable":true,"href":"https:\/\/www.wgaeu.org\/index.php\/wp-json\/wp\/v2\/comments?post=317"}],"version-history":[{"count":0,"href":"https:\/\/www.wgaeu.org\/index.php\/wp-json\/wp\/v2\/pages\/317\/revisions"}],"wp:attachment":[{"href":"https:\/\/www.wgaeu.org\/index.php\/wp-json\/wp\/v2\/media?parent=317"}],"curies":[{"name":"wp","href":"https:\/\/api.w.org\/{rel}","templated":true}]}}