{"id":1543,"date":"2021-02-11T11:47:55","date_gmt":"2021-02-11T11:47:55","guid":{"rendered":"http:\/\/www.wgaeu.org\/?page_id=1543"},"modified":"2021-02-11T11:54:36","modified_gmt":"2021-02-11T11:54:36","slug":"greppin-vazeni-na-treninku","status":"publish","type":"page","link":"https:\/\/www.wgaeu.org\/index.php\/greppin-vazeni-na-treninku\/","title":{"rendered":"GREPPIN &#8211; V\u00c1\u017dEN\u00cd NA TR\u00c9NINKU"},"content":{"rendered":"<p>2016-11-19 Greppin &#8211; orienta\u010dn\u00ed v\u00e1\u017een\u00ed<br \/>Na tr\u00e9ninku v Greppinu jsme provedli pro z\u00e1jemce p\u0159esn\u00e9 v\u00e1\u017een\u00ed. Majitel\u00e9 zjistili, kolik jejich pes p\u0159esn\u011b v\u00e1\u017e\u00ed a pro n\u00e1s to byly velmi cenn\u00e9 \u00fadaje k tomu, abychom optimalizovali v\u00e1hov\u00e9 tabulky. V\u00fdsledky byly a t\u00fdden prezentov\u00e1ny na porad\u011b V\u00fdkonn\u00e9ho v\u00fdboru 7 \u00fa\u010dastn\u00edk\u016f\u00a0 5 zem\u00ed Evropy.\u00a0 Tyto v\u011bci nejdou dob\u0159e vymyslet od stolu.<\/p>\n\n\n<figure class=\"wp-block-gallery columns-3 wp-block-gallery-1 is-layout-flex wp-block-gallery-is-layout-flex\"><ul class=\"blocks-gallery-grid\"><li class=\"blocks-gallery-item\"><figure><img loading=\"lazy\" decoding=\"async\" width=\"1024\" height=\"768\" src=\"https:\/\/www.wgaeu.org\/wp-content\/uploads\/2021\/02\/2016-11-19-Greppin-01.jpg\" alt=\"\" data-id=\"1544\" data-full-url=\"https:\/\/www.wgaeu.org\/wp-content\/uploads\/2021\/02\/2016-11-19-Greppin-01.jpg\" data-link=\"https:\/\/www.wgaeu.org\/?attachment_id=1544#main\" class=\"wp-image-1544\" srcset=\"https:\/\/www.wgaeu.org\/wp-content\/uploads\/2021\/02\/2016-11-19-Greppin-01.jpg 1024w, https:\/\/www.wgaeu.org\/wp-content\/uploads\/2021\/02\/2016-11-19-Greppin-01-300x225.jpg 300w, https:\/\/www.wgaeu.org\/wp-content\/uploads\/2021\/02\/2016-11-19-Greppin-01-768x576.jpg 768w\" sizes=\"auto, (max-width: 1024px) 100vw, 1024px\" \/><\/figure><\/li><li class=\"blocks-gallery-item\"><figure><img loading=\"lazy\" decoding=\"async\" width=\"1024\" height=\"768\" src=\"https:\/\/www.wgaeu.org\/wp-content\/uploads\/2021\/02\/2016-11-19-Greppin-02.jpg\" alt=\"\" data-id=\"1545\" data-full-url=\"https:\/\/www.wgaeu.org\/wp-content\/uploads\/2021\/02\/2016-11-19-Greppin-02.jpg\" data-link=\"https:\/\/www.wgaeu.org\/?attachment_id=1545#main\" class=\"wp-image-1545\" srcset=\"https:\/\/www.wgaeu.org\/wp-content\/uploads\/2021\/02\/2016-11-19-Greppin-02.jpg 1024w, https:\/\/www.wgaeu.org\/wp-content\/uploads\/2021\/02\/2016-11-19-Greppin-02-300x225.jpg 300w, https:\/\/www.wgaeu.org\/wp-content\/uploads\/2021\/02\/2016-11-19-Greppin-02-768x576.jpg 768w\" sizes=\"auto, (max-width: 1024px) 100vw, 1024px\" \/><\/figure><\/li><li class=\"blocks-gallery-item\"><figure><img loading=\"lazy\" decoding=\"async\" width=\"768\" height=\"1024\" src=\"https:\/\/www.wgaeu.org\/wp-content\/uploads\/2021\/02\/2016-11-19-Greppin-03.jpg\" alt=\"\" data-id=\"1546\" data-full-url=\"https:\/\/www.wgaeu.org\/wp-content\/uploads\/2021\/02\/2016-11-19-Greppin-03.jpg\" data-link=\"https:\/\/www.wgaeu.org\/?attachment_id=1546#main\" class=\"wp-image-1546\" srcset=\"https:\/\/www.wgaeu.org\/wp-content\/uploads\/2021\/02\/2016-11-19-Greppin-03.jpg 768w, https:\/\/www.wgaeu.org\/wp-content\/uploads\/2021\/02\/2016-11-19-Greppin-03-225x300.jpg 225w\" sizes=\"auto, (max-width: 768px) 100vw, 768px\" \/><\/figure><\/li><li class=\"blocks-gallery-item\"><figure><img loading=\"lazy\" decoding=\"async\" width=\"1024\" height=\"768\" src=\"https:\/\/www.wgaeu.org\/wp-content\/uploads\/2021\/02\/2016-11-19-Greppin-04.jpg\" alt=\"\" data-id=\"1547\" data-full-url=\"https:\/\/www.wgaeu.org\/wp-content\/uploads\/2021\/02\/2016-11-19-Greppin-04.jpg\" data-link=\"https:\/\/www.wgaeu.org\/?attachment_id=1547#main\" class=\"wp-image-1547\" srcset=\"https:\/\/www.wgaeu.org\/wp-content\/uploads\/2021\/02\/2016-11-19-Greppin-04.jpg 1024w, https:\/\/www.wgaeu.org\/wp-content\/uploads\/2021\/02\/2016-11-19-Greppin-04-300x225.jpg 300w, https:\/\/www.wgaeu.org\/wp-content\/uploads\/2021\/02\/2016-11-19-Greppin-04-768x576.jpg 768w\" sizes=\"auto, (max-width: 1024px) 100vw, 1024px\" \/><\/figure><\/li><li class=\"blocks-gallery-item\"><figure><img loading=\"lazy\" decoding=\"async\" width=\"1024\" height=\"768\" src=\"https:\/\/www.wgaeu.org\/wp-content\/uploads\/2021\/02\/2016-11-19-Greppin-05.jpg\" alt=\"\" data-id=\"1548\" data-full-url=\"https:\/\/www.wgaeu.org\/wp-content\/uploads\/2021\/02\/2016-11-19-Greppin-05.jpg\" data-link=\"https:\/\/www.wgaeu.org\/?attachment_id=1548#main\" class=\"wp-image-1548\" srcset=\"https:\/\/www.wgaeu.org\/wp-content\/uploads\/2021\/02\/2016-11-19-Greppin-05.jpg 1024w, https:\/\/www.wgaeu.org\/wp-content\/uploads\/2021\/02\/2016-11-19-Greppin-05-300x225.jpg 300w, https:\/\/www.wgaeu.org\/wp-content\/uploads\/2021\/02\/2016-11-19-Greppin-05-768x576.jpg 768w\" sizes=\"auto, (max-width: 1024px) 100vw, 1024px\" \/><\/figure><\/li><li class=\"blocks-gallery-item\"><figure><img loading=\"lazy\" decoding=\"async\" width=\"1024\" height=\"768\" src=\"https:\/\/www.wgaeu.org\/wp-content\/uploads\/2021\/02\/2016-11-19-Greppin-06.jpg\" alt=\"\" data-id=\"1549\" data-full-url=\"https:\/\/www.wgaeu.org\/wp-content\/uploads\/2021\/02\/2016-11-19-Greppin-06.jpg\" data-link=\"https:\/\/www.wgaeu.org\/?attachment_id=1549#main\" class=\"wp-image-1549\" srcset=\"https:\/\/www.wgaeu.org\/wp-content\/uploads\/2021\/02\/2016-11-19-Greppin-06.jpg 1024w, https:\/\/www.wgaeu.org\/wp-content\/uploads\/2021\/02\/2016-11-19-Greppin-06-300x225.jpg 300w, https:\/\/www.wgaeu.org\/wp-content\/uploads\/2021\/02\/2016-11-19-Greppin-06-768x576.jpg 768w\" sizes=\"auto, (max-width: 1024px) 100vw, 1024px\" \/><\/figure><\/li><li class=\"blocks-gallery-item\"><figure><img loading=\"lazy\" decoding=\"async\" width=\"1024\" height=\"768\" src=\"https:\/\/www.wgaeu.org\/wp-content\/uploads\/2021\/02\/2016-11-19-Greppin-07.jpg\" alt=\"\" data-id=\"1550\" data-full-url=\"https:\/\/www.wgaeu.org\/wp-content\/uploads\/2021\/02\/2016-11-19-Greppin-07.jpg\" data-link=\"https:\/\/www.wgaeu.org\/?attachment_id=1550#main\" class=\"wp-image-1550\" srcset=\"https:\/\/www.wgaeu.org\/wp-content\/uploads\/2021\/02\/2016-11-19-Greppin-07.jpg 1024w, https:\/\/www.wgaeu.org\/wp-content\/uploads\/2021\/02\/2016-11-19-Greppin-07-300x225.jpg 300w, https:\/\/www.wgaeu.org\/wp-content\/uploads\/2021\/02\/2016-11-19-Greppin-07-768x576.jpg 768w\" sizes=\"auto, (max-width: 1024px) 100vw, 1024px\" \/><\/figure><\/li><li class=\"blocks-gallery-item\"><figure><img loading=\"lazy\" decoding=\"async\" width=\"1024\" height=\"768\" src=\"https:\/\/www.wgaeu.org\/wp-content\/uploads\/2021\/02\/2016-11-19-Greppin-08.jpg\" alt=\"\" data-id=\"1551\" data-full-url=\"https:\/\/www.wgaeu.org\/wp-content\/uploads\/2021\/02\/2016-11-19-Greppin-08.jpg\" data-link=\"https:\/\/www.wgaeu.org\/?attachment_id=1551#main\" class=\"wp-image-1551\" srcset=\"https:\/\/www.wgaeu.org\/wp-content\/uploads\/2021\/02\/2016-11-19-Greppin-08.jpg 1024w, https:\/\/www.wgaeu.org\/wp-content\/uploads\/2021\/02\/2016-11-19-Greppin-08-300x225.jpg 300w, https:\/\/www.wgaeu.org\/wp-content\/uploads\/2021\/02\/2016-11-19-Greppin-08-768x576.jpg 768w\" sizes=\"auto, (max-width: 1024px) 100vw, 1024px\" \/><\/figure><\/li><li class=\"blocks-gallery-item\"><figure><img loading=\"lazy\" decoding=\"async\" width=\"1024\" height=\"768\" src=\"https:\/\/www.wgaeu.org\/wp-content\/uploads\/2021\/02\/2016-11-19-Greppin-09.jpg\" alt=\"\" data-id=\"1552\" data-full-url=\"https:\/\/www.wgaeu.org\/wp-content\/uploads\/2021\/02\/2016-11-19-Greppin-09.jpg\" data-link=\"https:\/\/www.wgaeu.org\/?attachment_id=1552#main\" class=\"wp-image-1552\" srcset=\"https:\/\/www.wgaeu.org\/wp-content\/uploads\/2021\/02\/2016-11-19-Greppin-09.jpg 1024w, https:\/\/www.wgaeu.org\/wp-content\/uploads\/2021\/02\/2016-11-19-Greppin-09-300x225.jpg 300w, https:\/\/www.wgaeu.org\/wp-content\/uploads\/2021\/02\/2016-11-19-Greppin-09-768x576.jpg 768w\" sizes=\"auto, (max-width: 1024px) 100vw, 1024px\" \/><\/figure><\/li><li class=\"blocks-gallery-item\"><figure><img loading=\"lazy\" decoding=\"async\" width=\"1024\" height=\"768\" src=\"https:\/\/www.wgaeu.org\/wp-content\/uploads\/2021\/02\/2016-11-19-Greppin-10.jpg\" alt=\"\" data-id=\"1553\" data-full-url=\"https:\/\/www.wgaeu.org\/wp-content\/uploads\/2021\/02\/2016-11-19-Greppin-10.jpg\" data-link=\"https:\/\/www.wgaeu.org\/?attachment_id=1553#main\" class=\"wp-image-1553\" srcset=\"https:\/\/www.wgaeu.org\/wp-content\/uploads\/2021\/02\/2016-11-19-Greppin-10.jpg 1024w, https:\/\/www.wgaeu.org\/wp-content\/uploads\/2021\/02\/2016-11-19-Greppin-10-300x225.jpg 300w, https:\/\/www.wgaeu.org\/wp-content\/uploads\/2021\/02\/2016-11-19-Greppin-10-768x576.jpg 768w\" sizes=\"auto, (max-width: 1024px) 100vw, 1024px\" \/><\/figure><\/li><li class=\"blocks-gallery-item\"><figure><img loading=\"lazy\" decoding=\"async\" width=\"1024\" height=\"768\" src=\"https:\/\/www.wgaeu.org\/wp-content\/uploads\/2021\/02\/2016-11-19-Greppin-11.jpg\" alt=\"\" data-id=\"1554\" data-full-url=\"https:\/\/www.wgaeu.org\/wp-content\/uploads\/2021\/02\/2016-11-19-Greppin-11.jpg\" data-link=\"https:\/\/www.wgaeu.org\/?attachment_id=1554#main\" class=\"wp-image-1554\" srcset=\"https:\/\/www.wgaeu.org\/wp-content\/uploads\/2021\/02\/2016-11-19-Greppin-11.jpg 1024w, https:\/\/www.wgaeu.org\/wp-content\/uploads\/2021\/02\/2016-11-19-Greppin-11-300x225.jpg 300w, https:\/\/www.wgaeu.org\/wp-content\/uploads\/2021\/02\/2016-11-19-Greppin-11-768x576.jpg 768w\" sizes=\"auto, (max-width: 1024px) 100vw, 1024px\" \/><\/figure><\/li><li class=\"blocks-gallery-item\"><figure><img loading=\"lazy\" decoding=\"async\" width=\"1024\" height=\"768\" src=\"https:\/\/www.wgaeu.org\/wp-content\/uploads\/2021\/02\/2016-11-19-Greppin-12.jpg\" alt=\"\" data-id=\"1555\" data-full-url=\"https:\/\/www.wgaeu.org\/wp-content\/uploads\/2021\/02\/2016-11-19-Greppin-12.jpg\" data-link=\"https:\/\/www.wgaeu.org\/?attachment_id=1555#main\" class=\"wp-image-1555\" srcset=\"https:\/\/www.wgaeu.org\/wp-content\/uploads\/2021\/02\/2016-11-19-Greppin-12.jpg 1024w, https:\/\/www.wgaeu.org\/wp-content\/uploads\/2021\/02\/2016-11-19-Greppin-12-300x225.jpg 300w, https:\/\/www.wgaeu.org\/wp-content\/uploads\/2021\/02\/2016-11-19-Greppin-12-768x576.jpg 768w\" sizes=\"auto, (max-width: 1024px) 100vw, 1024px\" \/><\/figure><\/li><li class=\"blocks-gallery-item\"><figure><img loading=\"lazy\" decoding=\"async\" width=\"1024\" height=\"768\" src=\"https:\/\/www.wgaeu.org\/wp-content\/uploads\/2021\/02\/2016-11-19-Greppin-13.jpg\" alt=\"\" data-id=\"1556\" data-full-url=\"https:\/\/www.wgaeu.org\/wp-content\/uploads\/2021\/02\/2016-11-19-Greppin-13.jpg\" data-link=\"https:\/\/www.wgaeu.org\/?attachment_id=1556#main\" class=\"wp-image-1556\" srcset=\"https:\/\/www.wgaeu.org\/wp-content\/uploads\/2021\/02\/2016-11-19-Greppin-13.jpg 1024w, https:\/\/www.wgaeu.org\/wp-content\/uploads\/2021\/02\/2016-11-19-Greppin-13-300x225.jpg 300w, https:\/\/www.wgaeu.org\/wp-content\/uploads\/2021\/02\/2016-11-19-Greppin-13-768x576.jpg 768w\" sizes=\"auto, (max-width: 1024px) 100vw, 1024px\" \/><\/figure><\/li><\/ul><\/figure>\n","protected":false},"excerpt":{"rendered":"<p>2016-11-19 Greppin &#8211; orienta\u010dn\u00ed v\u00e1\u017een\u00edNa tr\u00e9ninku v Greppinu jsme provedli pro z\u00e1jemce p\u0159esn\u00e9 v\u00e1\u017een\u00ed. Majitel\u00e9 zjistili, kolik jejich pes p\u0159esn\u011b v\u00e1\u017e\u00ed a pro n\u00e1s to byly velmi cenn\u00e9 \u00fadaje k tomu, abychom optimalizovali v\u00e1hov\u00e9 tabulky. V\u00fdsledky byly a t\u00fdden prezentov\u00e1ny na porad\u011b V\u00fdkonn\u00e9ho v\u00fdboru 7 \u00fa\u010dastn\u00edk\u016f\u00a0 5 zem\u00ed Evropy.\u00a0 Tyto v\u011bci nejdou dob\u0159e vymyslet od [&hellip;]<\/p>\n","protected":false},"author":1,"featured_media":0,"parent":0,"menu_order":0,"comment_status":"closed","ping_status":"closed","template":"","meta":{"footnotes":""},"class_list":["post-1543","page","type-page","status-publish","hentry"],"yoast_head":"<!-- This site is optimized with the Yoast SEO plugin v27.5 - https:\/\/yoast.com\/product\/yoast-seo-wordpress\/ -->\n<title>GREPPIN - V\u00c1\u017dEN\u00cd NA TR\u00c9NINKU - WGA<\/title>\n<meta name=\"robots\" content=\"index, follow, max-snippet:-1, max-image-preview:large, max-video-preview:-1\" \/>\n<link rel=\"canonical\" href=\"https:\/\/www.wgaeu.org\/index.php\/greppin-vazeni-na-treninku\/\" \/>\n<meta property=\"og:locale\" content=\"cs_CZ\" \/>\n<meta property=\"og:type\" content=\"article\" \/>\n<meta property=\"og:title\" content=\"GREPPIN - V\u00c1\u017dEN\u00cd NA TR\u00c9NINKU - WGA\" \/>\n<meta property=\"og:description\" content=\"2016-11-19 Greppin &#8211; orienta\u010dn\u00ed v\u00e1\u017een\u00edNa tr\u00e9ninku v Greppinu jsme provedli pro z\u00e1jemce p\u0159esn\u00e9 v\u00e1\u017een\u00ed. Majitel\u00e9 zjistili, kolik jejich pes p\u0159esn\u011b v\u00e1\u017e\u00ed a pro n\u00e1s to byly velmi cenn\u00e9 \u00fadaje k tomu, abychom optimalizovali v\u00e1hov\u00e9 tabulky. V\u00fdsledky byly a t\u00fdden prezentov\u00e1ny na porad\u011b V\u00fdkonn\u00e9ho v\u00fdboru 7 \u00fa\u010dastn\u00edk\u016f\u00a0 5 zem\u00ed Evropy.\u00a0 Tyto v\u011bci nejdou dob\u0159e vymyslet od [&hellip;]\" \/>\n<meta property=\"og:url\" content=\"https:\/\/www.wgaeu.org\/index.php\/greppin-vazeni-na-treninku\/\" \/>\n<meta property=\"og:site_name\" content=\"WGA\" \/>\n<meta property=\"article:modified_time\" content=\"2021-02-11T11:54:36+00:00\" \/>\n<meta property=\"og:image\" content=\"https:\/\/www.wgaeu.org\/wp-content\/uploads\/2021\/02\/2016-11-19-Greppin-01.jpg\" \/>\n\t<meta property=\"og:image:width\" content=\"1024\" \/>\n\t<meta property=\"og:image:height\" content=\"768\" \/>\n\t<meta property=\"og:image:type\" content=\"image\/jpeg\" \/>\n<meta name=\"twitter:card\" content=\"summary_large_image\" \/>\n<script type=\"application\/ld+json\" class=\"yoast-schema-graph\">{\"@context\":\"https:\\\/\\\/schema.org\",\"@graph\":[{\"@type\":\"WebPage\",\"@id\":\"https:\\\/\\\/www.wgaeu.org\\\/index.php\\\/greppin-vazeni-na-treninku\\\/\",\"url\":\"https:\\\/\\\/www.wgaeu.org\\\/index.php\\\/greppin-vazeni-na-treninku\\\/\",\"name\":\"GREPPIN - V\u00c1\u017dEN\u00cd NA TR\u00c9NINKU - WGA\",\"isPartOf\":{\"@id\":\"https:\\\/\\\/www.wgaeu.org\\\/#website\"},\"primaryImageOfPage\":{\"@id\":\"https:\\\/\\\/www.wgaeu.org\\\/index.php\\\/greppin-vazeni-na-treninku\\\/#primaryimage\"},\"image\":{\"@id\":\"https:\\\/\\\/www.wgaeu.org\\\/index.php\\\/greppin-vazeni-na-treninku\\\/#primaryimage\"},\"thumbnailUrl\":\"https:\\\/\\\/www.wgaeu.org\\\/wp-content\\\/uploads\\\/2021\\\/02\\\/2016-11-19-Greppin-01.jpg\",\"datePublished\":\"2021-02-11T11:47:55+00:00\",\"dateModified\":\"2021-02-11T11:54:36+00:00\",\"breadcrumb\":{\"@id\":\"https:\\\/\\\/www.wgaeu.org\\\/index.php\\\/greppin-vazeni-na-treninku\\\/#breadcrumb\"},\"inLanguage\":\"cs\",\"potentialAction\":[{\"@type\":\"ReadAction\",\"target\":[\"https:\\\/\\\/www.wgaeu.org\\\/index.php\\\/greppin-vazeni-na-treninku\\\/\"]}]},{\"@type\":\"ImageObject\",\"inLanguage\":\"cs\",\"@id\":\"https:\\\/\\\/www.wgaeu.org\\\/index.php\\\/greppin-vazeni-na-treninku\\\/#primaryimage\",\"url\":\"https:\\\/\\\/www.wgaeu.org\\\/wp-content\\\/uploads\\\/2021\\\/02\\\/2016-11-19-Greppin-01.jpg\",\"contentUrl\":\"https:\\\/\\\/www.wgaeu.org\\\/wp-content\\\/uploads\\\/2021\\\/02\\\/2016-11-19-Greppin-01.jpg\",\"width\":1024,\"height\":768},{\"@type\":\"BreadcrumbList\",\"@id\":\"https:\\\/\\\/www.wgaeu.org\\\/index.php\\\/greppin-vazeni-na-treninku\\\/#breadcrumb\",\"itemListElement\":[{\"@type\":\"ListItem\",\"position\":1,\"name\":\"Dom\u016f\",\"item\":\"https:\\\/\\\/www.wgaeu.org\\\/\"},{\"@type\":\"ListItem\",\"position\":2,\"name\":\"GREPPIN &#8211; V\u00c1\u017dEN\u00cd NA TR\u00c9NINKU\"}]},{\"@type\":\"WebSite\",\"@id\":\"https:\\\/\\\/www.wgaeu.org\\\/#website\",\"url\":\"https:\\\/\\\/www.wgaeu.org\\\/\",\"name\":\"WGA\",\"description\":\"b\u011bh\u00e1n\u00ed na v\u00e1hu\",\"publisher\":{\"@id\":\"https:\\\/\\\/www.wgaeu.org\\\/#organization\"},\"potentialAction\":[{\"@type\":\"SearchAction\",\"target\":{\"@type\":\"EntryPoint\",\"urlTemplate\":\"https:\\\/\\\/www.wgaeu.org\\\/?s={search_term_string}\"},\"query-input\":{\"@type\":\"PropertyValueSpecification\",\"valueRequired\":true,\"valueName\":\"search_term_string\"}}],\"inLanguage\":\"cs\"},{\"@type\":\"Organization\",\"@id\":\"https:\\\/\\\/www.wgaeu.org\\\/#organization\",\"name\":\"WGA z.s.\",\"url\":\"https:\\\/\\\/www.wgaeu.org\\\/\",\"logo\":{\"@type\":\"ImageObject\",\"inLanguage\":\"cs\",\"@id\":\"https:\\\/\\\/www.wgaeu.org\\\/#\\\/schema\\\/logo\\\/image\\\/\",\"url\":\"https:\\\/\\\/www.wgaeu.org\\\/wp-content\\\/uploads\\\/2021\\\/02\\\/cropped-Grey1-1-e1612471904868.jpg\",\"contentUrl\":\"https:\\\/\\\/www.wgaeu.org\\\/wp-content\\\/uploads\\\/2021\\\/02\\\/cropped-Grey1-1-e1612471904868.jpg\",\"width\":940,\"height\":282,\"caption\":\"WGA z.s.\"},\"image\":{\"@id\":\"https:\\\/\\\/www.wgaeu.org\\\/#\\\/schema\\\/logo\\\/image\\\/\"}}]}<\/script>\n<!-- \/ Yoast SEO plugin. -->","yoast_head_json":{"title":"GREPPIN - V\u00c1\u017dEN\u00cd NA TR\u00c9NINKU - WGA","robots":{"index":"index","follow":"follow","max-snippet":"max-snippet:-1","max-image-preview":"max-image-preview:large","max-video-preview":"max-video-preview:-1"},"canonical":"https:\/\/www.wgaeu.org\/index.php\/greppin-vazeni-na-treninku\/","og_locale":"cs_CZ","og_type":"article","og_title":"GREPPIN - V\u00c1\u017dEN\u00cd NA TR\u00c9NINKU - WGA","og_description":"2016-11-19 Greppin &#8211; orienta\u010dn\u00ed v\u00e1\u017een\u00edNa tr\u00e9ninku v Greppinu jsme provedli pro z\u00e1jemce p\u0159esn\u00e9 v\u00e1\u017een\u00ed. Majitel\u00e9 zjistili, kolik jejich pes p\u0159esn\u011b v\u00e1\u017e\u00ed a pro n\u00e1s to byly velmi cenn\u00e9 \u00fadaje k tomu, abychom optimalizovali v\u00e1hov\u00e9 tabulky. V\u00fdsledky byly a t\u00fdden prezentov\u00e1ny na porad\u011b V\u00fdkonn\u00e9ho v\u00fdboru 7 \u00fa\u010dastn\u00edk\u016f\u00a0 5 zem\u00ed Evropy.\u00a0 Tyto v\u011bci nejdou dob\u0159e vymyslet od [&hellip;]","og_url":"https:\/\/www.wgaeu.org\/index.php\/greppin-vazeni-na-treninku\/","og_site_name":"WGA","article_modified_time":"2021-02-11T11:54:36+00:00","og_image":[{"width":1024,"height":768,"url":"https:\/\/www.wgaeu.org\/wp-content\/uploads\/2021\/02\/2016-11-19-Greppin-01.jpg","type":"image\/jpeg"}],"twitter_card":"summary_large_image","schema":{"@context":"https:\/\/schema.org","@graph":[{"@type":"WebPage","@id":"https:\/\/www.wgaeu.org\/index.php\/greppin-vazeni-na-treninku\/","url":"https:\/\/www.wgaeu.org\/index.php\/greppin-vazeni-na-treninku\/","name":"GREPPIN - V\u00c1\u017dEN\u00cd NA TR\u00c9NINKU - WGA","isPartOf":{"@id":"https:\/\/www.wgaeu.org\/#website"},"primaryImageOfPage":{"@id":"https:\/\/www.wgaeu.org\/index.php\/greppin-vazeni-na-treninku\/#primaryimage"},"image":{"@id":"https:\/\/www.wgaeu.org\/index.php\/greppin-vazeni-na-treninku\/#primaryimage"},"thumbnailUrl":"https:\/\/www.wgaeu.org\/wp-content\/uploads\/2021\/02\/2016-11-19-Greppin-01.jpg","datePublished":"2021-02-11T11:47:55+00:00","dateModified":"2021-02-11T11:54:36+00:00","breadcrumb":{"@id":"https:\/\/www.wgaeu.org\/index.php\/greppin-vazeni-na-treninku\/#breadcrumb"},"inLanguage":"cs","potentialAction":[{"@type":"ReadAction","target":["https:\/\/www.wgaeu.org\/index.php\/greppin-vazeni-na-treninku\/"]}]},{"@type":"ImageObject","inLanguage":"cs","@id":"https:\/\/www.wgaeu.org\/index.php\/greppin-vazeni-na-treninku\/#primaryimage","url":"https:\/\/www.wgaeu.org\/wp-content\/uploads\/2021\/02\/2016-11-19-Greppin-01.jpg","contentUrl":"https:\/\/www.wgaeu.org\/wp-content\/uploads\/2021\/02\/2016-11-19-Greppin-01.jpg","width":1024,"height":768},{"@type":"BreadcrumbList","@id":"https:\/\/www.wgaeu.org\/index.php\/greppin-vazeni-na-treninku\/#breadcrumb","itemListElement":[{"@type":"ListItem","position":1,"name":"Dom\u016f","item":"https:\/\/www.wgaeu.org\/"},{"@type":"ListItem","position":2,"name":"GREPPIN &#8211; V\u00c1\u017dEN\u00cd NA TR\u00c9NINKU"}]},{"@type":"WebSite","@id":"https:\/\/www.wgaeu.org\/#website","url":"https:\/\/www.wgaeu.org\/","name":"WGA","description":"b\u011bh\u00e1n\u00ed na v\u00e1hu","publisher":{"@id":"https:\/\/www.wgaeu.org\/#organization"},"potentialAction":[{"@type":"SearchAction","target":{"@type":"EntryPoint","urlTemplate":"https:\/\/www.wgaeu.org\/?s={search_term_string}"},"query-input":{"@type":"PropertyValueSpecification","valueRequired":true,"valueName":"search_term_string"}}],"inLanguage":"cs"},{"@type":"Organization","@id":"https:\/\/www.wgaeu.org\/#organization","name":"WGA z.s.","url":"https:\/\/www.wgaeu.org\/","logo":{"@type":"ImageObject","inLanguage":"cs","@id":"https:\/\/www.wgaeu.org\/#\/schema\/logo\/image\/","url":"https:\/\/www.wgaeu.org\/wp-content\/uploads\/2021\/02\/cropped-Grey1-1-e1612471904868.jpg","contentUrl":"https:\/\/www.wgaeu.org\/wp-content\/uploads\/2021\/02\/cropped-Grey1-1-e1612471904868.jpg","width":940,"height":282,"caption":"WGA z.s."},"image":{"@id":"https:\/\/www.wgaeu.org\/#\/schema\/logo\/image\/"}}]}},"_links":{"self":[{"href":"https:\/\/www.wgaeu.org\/index.php\/wp-json\/wp\/v2\/pages\/1543","targetHints":{"allow":["GET"]}}],"collection":[{"href":"https:\/\/www.wgaeu.org\/index.php\/wp-json\/wp\/v2\/pages"}],"about":[{"href":"https:\/\/www.wgaeu.org\/index.php\/wp-json\/wp\/v2\/types\/page"}],"author":[{"embeddable":true,"href":"https:\/\/www.wgaeu.org\/index.php\/wp-json\/wp\/v2\/users\/1"}],"replies":[{"embeddable":true,"href":"https:\/\/www.wgaeu.org\/index.php\/wp-json\/wp\/v2\/comments?post=1543"}],"version-history":[{"count":0,"href":"https:\/\/www.wgaeu.org\/index.php\/wp-json\/wp\/v2\/pages\/1543\/revisions"}],"wp:attachment":[{"href":"https:\/\/www.wgaeu.org\/index.php\/wp-json\/wp\/v2\/media?parent=1543"}],"curies":[{"name":"wp","href":"https:\/\/api.w.org\/{rel}","templated":true}]}}